{"id":102,"date":"2023-11-25T03:34:28","date_gmt":"2023-11-25T02:34:28","guid":{"rendered":"https:\/\/colegiosiralexanderfleming.edu.pe\/?page_id=102"},"modified":"2023-12-13T18:59:14","modified_gmt":"2023-12-13T17:59:14","slug":"informacion-secundaria","status":"publish","type":"page","link":"https:\/\/colegiosiralexanderfleming.edu.pe\/index.php\/informacion-secundaria\/","title":{"rendered":"Informaci\u00f3n secundaria"},"content":{"rendered":"\t\t<div data-elementor-type=\"wp-page\" data-elementor-id=\"102\" class=\"elementor elementor-102\" data-elementor-post-type=\"page\">\n\t\t\t\t<div class=\"elementor-element elementor-element-9422cad e-flex e-con-boxed e-con e-parent\" data-id=\"9422cad\" data-element_type=\"container\">\n\t\t\t\t\t<div class=\"e-con-inner\">\n\t\t\t\t<div class=\"elementor-element elementor-element-b25ef76 elementor-widget elementor-widget-heading\" data-id=\"b25ef76\" data-element_type=\"widget\" data-widget_type=\"heading.default\">\n\t\t\t\t<div class=\"elementor-widget-container\">\n\t\t\t\t\t<h2 class=\"elementor-heading-title elementor-size-default\">SECUNDARIA<\/h2>\t\t\t\t<\/div>\n\t\t\t\t<\/div>\n\t\t\t\t<div class=\"elementor-element elementor-element-4d1dda5 elementor-widget elementor-widget-text-editor\" data-id=\"4d1dda5\" data-element_type=\"widget\" data-widget_type=\"text-editor.default\">\n\t\t\t\t<div class=\"elementor-widget-container\">\n\t\t\t\t\t\t\t\t\t<p><strong>De Cuarto a Quinto<\/strong><\/p><p>Para los alumnos de 4\u00ba y 5\u00ba, bas\u00e1ndonos en la propuesta del Ministerio de Educaci\u00f3n se enfatiza la preparaci\u00f3n para los estudios superiores; buscamos desarrollar conocimientos, habilidades y actitudes para garantizar el ingreso, la transici\u00f3n y la permanencia exitosa en la universidad y\/o instituci\u00f3n superior que el alumno elija. Entregamos Materiales de Estudio, GU\u00cdA DE TRABAJO; el sistema de ense\u00f1anza se da con Tecnolog\u00eda Multimedia en cada sal\u00f3n; evaluamos a los alumnos de manera diaria, semanal y quincenal.<\/p><p>METODOLOG\u00cdA DE ENSE\u00d1ANZA<\/p><ul><li>Evaluaciones permanentes: Ex\u00e1menes diarios, ex\u00e1menes de ranking y ex\u00e1menes simulacro.<\/li><li>Seminarios de reforzamiento por las tardes<\/li><li>Desarrollo del temario de las universidades de Arequipa al 100%<\/li><\/ul>\t\t\t\t\t\t\t\t<\/div>\n\t\t\t\t<\/div>\n\t\t\t\t<div class=\"elementor-element elementor-element-54b862e elementor-widget elementor-widget-text-editor\" data-id=\"54b862e\" data-element_type=\"widget\" data-widget_type=\"text-editor.default\">\n\t\t\t\t<div class=\"elementor-widget-container\">\n\t\t\t\t\t\t\t\t\t<p><strong>De Primero a Tercero<\/strong><\/p><p>El colegio Sir Alexander Fleming desarrolla un moderno sistema de ense\u00f1anza aplicando estrategias que apoyan y estimulan al estudio a nuestros alumnos, brindamos una formaci\u00f3n integral de alta exigencia acad\u00e9mica y formaci\u00f3n en valores.<\/p><p>Nuestros alumnos de 1\u00b0, 2\u00b0 y 3\u00b0 desarrollan un sistema de aprendizaje din\u00e1mico, basados en estrategias de fortalecimiento acad\u00e9mico y desarrollo de habilidad espaciales y motrices; adem\u00e1s desarrollamos capacidades de reelaboraci\u00f3n y m\u00e9todos de trabajo.<\/p><p>METODOLOG\u00cdA DE ENSE\u00d1ANZA<\/p><ul><li>Plan lector, comprensi\u00f3n lectora y razonamiento verbal.<\/li><li>Preparaci\u00f3n acad\u00e9mica altamente exigente con evaluaciones peri\u00f3dicas.<\/li><li>Trabajos de investigaci\u00f3n, que permiten profundizar el estudio en determinados temas, buscando, seleccionando y analizando informaci\u00f3n usando adecuadamente herramientas tecnol\u00f3gicas.<\/li><li>Enfatizamos el idioma ingl\u00e9s para su desarrollo profesional.<\/li><li>Programa de orientaci\u00f3n vocacional y orientaci\u00f3n psicopedag\u00f3gica.<\/li><li>Formaci\u00f3n integral en valores para la vida.<\/li><\/ul>\t\t\t\t\t\t\t\t<\/div>\n\t\t\t\t<\/div>\n\t\t\t\t<div class=\"elementor-element elementor-element-f1135fb elementor-widget elementor-widget-image\" data-id=\"f1135fb\" data-element_type=\"widget\" data-widget_type=\"image.default\">\n\t\t\t\t<div class=\"elementor-widget-container\">\n\t\t\t\t\t\t\t\t\t\t\t\t\t\t\t<img fetchpriority=\"high\" decoding=\"async\" width=\"800\" height=\"498\" src=\"https:\/\/colegiosiralexanderfleming.edu.pe\/wp-content\/uploads\/2023\/11\/secundaria-1024x637.jpg\" class=\"attachment-large size-large wp-image-111\" alt=\"\" srcset=\"https:\/\/colegiosiralexanderfleming.edu.pe\/wp-content\/uploads\/2023\/11\/secundaria-1024x637.jpg 1024w, https:\/\/colegiosiralexanderfleming.edu.pe\/wp-content\/uploads\/2023\/11\/secundaria-300x187.jpg 300w, https:\/\/colegiosiralexanderfleming.edu.pe\/wp-content\/uploads\/2023\/11\/secundaria-768x478.jpg 768w, https:\/\/colegiosiralexanderfleming.edu.pe\/wp-content\/uploads\/2023\/11\/secundaria.jpg 1200w\" sizes=\"(max-width: 800px) 100vw, 800px\" \/>\t\t\t\t\t\t\t\t\t\t\t\t\t\t\t<\/div>\n\t\t\t\t<\/div>\n\t\t\t\t\t<\/div>\n\t\t\t\t<\/div>\n\t\t\t\t<\/div>\n\t\t","protected":false},"excerpt":{"rendered":"<p>SECUNDARIA De Cuarto a Quinto Para los alumnos de 4\u00ba y 5\u00ba, bas\u00e1ndonos en la propuesta del Ministerio de Educaci\u00f3n se enfatiza la preparaci\u00f3n para los estudios superiores; buscamos desarrollar conocimientos, habilidades y actitudes para garantizar el ingreso, la transici\u00f3n y la permanencia exitosa en la universidad y\/o instituci\u00f3n superior que el alumno elija. Entregamos [&hellip;]<\/p>\n","protected":false},"author":1,"featured_media":0,"parent":0,"menu_order":0,"comment_status":"closed","ping_status":"closed","template":"elementor_header_footer","meta":{"footnotes":""},"class_list":["post-102","page","type-page","status-publish","hentry"],"_links":{"self":[{"href":"https:\/\/colegiosiralexanderfleming.edu.pe\/index.php\/wp-json\/wp\/v2\/pages\/102","targetHints":{"allow":["GET"]}}],"collection":[{"href":"https:\/\/colegiosiralexanderfleming.edu.pe\/index.php\/wp-json\/wp\/v2\/pages"}],"about":[{"href":"https:\/\/colegiosiralexanderfleming.edu.pe\/index.php\/wp-json\/wp\/v2\/types\/page"}],"author":[{"embeddable":true,"href":"https:\/\/colegiosiralexanderfleming.edu.pe\/index.php\/wp-json\/wp\/v2\/users\/1"}],"replies":[{"embeddable":true,"href":"https:\/\/colegiosiralexanderfleming.edu.pe\/index.php\/wp-json\/wp\/v2\/comments?post=102"}],"version-history":[{"count":7,"href":"https:\/\/colegiosiralexanderfleming.edu.pe\/index.php\/wp-json\/wp\/v2\/pages\/102\/revisions"}],"predecessor-version":[{"id":478,"href":"https:\/\/colegiosiralexanderfleming.edu.pe\/index.php\/wp-json\/wp\/v2\/pages\/102\/revisions\/478"}],"wp:attachment":[{"href":"https:\/\/colegiosiralexanderfleming.edu.pe\/index.php\/wp-json\/wp\/v2\/media?parent=102"}],"curies":[{"name":"wp","href":"https:\/\/api.w.org\/{rel}","templated":true}]}}