{"id":105,"date":"2023-11-25T03:35:24","date_gmt":"2023-11-25T02:35:24","guid":{"rendered":"https:\/\/colegiosiralexanderfleming.edu.pe\/?page_id=105"},"modified":"2023-11-25T03:49:26","modified_gmt":"2023-11-25T02:49:26","slug":"talleres-secundaria","status":"publish","type":"page","link":"https:\/\/colegiosiralexanderfleming.edu.pe\/index.php\/talleres-secundaria\/","title":{"rendered":"Talleres secundaria"},"content":{"rendered":"\t\t<div data-elementor-type=\"wp-page\" data-elementor-id=\"105\" class=\"elementor elementor-105\" data-elementor-post-type=\"page\">\n\t\t\t\t<div class=\"elementor-element elementor-element-e9f98cb e-flex e-con-boxed e-con e-parent\" data-id=\"e9f98cb\" data-element_type=\"container\">\n\t\t\t\t\t<div class=\"e-con-inner\">\n\t\t\t\t<div class=\"elementor-element elementor-element-f5d7c11 elementor-widget elementor-widget-heading\" data-id=\"f5d7c11\" data-element_type=\"widget\" data-widget_type=\"heading.default\">\n\t\t\t\t<div class=\"elementor-widget-container\">\n\t\t\t\t\t<h2 class=\"elementor-heading-title elementor-size-default\">TALLERES<\/h2>\t\t\t\t<\/div>\n\t\t\t\t<\/div>\n\t\t\t\t<div class=\"elementor-element elementor-element-3c930a4 elementor-widget elementor-widget-text-editor\" data-id=\"3c930a4\" data-element_type=\"widget\" data-widget_type=\"text-editor.default\">\n\t\t\t\t<div class=\"elementor-widget-container\">\n\t\t\t\t\t\t\t\t\t<p>Los Talleres, son fundamentales en la formaci\u00f3n de nuestros estudiantes. A trav\u00e9s de su pr\u00e1ctica, se favorece el desarrollo intelectual, emocional y motriz; asimismo, ayudan a construir una relaci\u00f3n activa de los estudiantes con su comunidad, ya que, de manera natural, estimulan el sentido de identificaci\u00f3n y pertenencia comunitaria y les permiten una mejor interacci\u00f3n con su entorno social.<\/p><p><strong>1. Reforzamiento Acad\u00e9mico<\/strong><\/p><p>El taller de reforzamiento Acad\u00e9mico tiene como objetivo principal el reforzar en los estudiantes, los cursos de Matem\u00e1ticas y Comunicaci\u00f3n, as\u00ed tambi\u00e9n realizar en compa\u00f1\u00eda de los docentes la resoluci\u00f3n de tareas.<\/p><p><strong>2. Ajedrez<\/strong><\/p><p>El taller de ajedrez es una actividad ideal para el reforzamiento de matem\u00e1ticas y otras asignaturas. Por medio del ajedrez los alumnos se acostumbran a tomar decisiones y controlar sus emociones; aprenden a ganar y a perder, as\u00ed como a asumir su responsabilidad individual.<\/p>\t\t\t\t\t\t\t\t<\/div>\n\t\t\t\t<\/div>\n\t\t\t\t\t<\/div>\n\t\t\t\t<\/div>\n\t\t<div class=\"elementor-element elementor-element-e1ec588 e-flex e-con-boxed e-con e-parent\" data-id=\"e1ec588\" data-element_type=\"container\">\n\t\t\t\t\t<div class=\"e-con-inner\">\n\t\t\t\t<div class=\"elementor-element elementor-element-c396cb5 elementor-arrows-position-inside elementor-widget elementor-widget-image-carousel\" data-id=\"c396cb5\" data-element_type=\"widget\" data-settings=\"{&quot;slides_to_show&quot;:&quot;1&quot;,&quot;navigation&quot;:&quot;arrows&quot;,&quot;autoplay&quot;:&quot;yes&quot;,&quot;pause_on_hover&quot;:&quot;yes&quot;,&quot;pause_on_interaction&quot;:&quot;yes&quot;,&quot;autoplay_speed&quot;:5000,&quot;infinite&quot;:&quot;yes&quot;,&quot;effect&quot;:&quot;slide&quot;,&quot;speed&quot;:500}\" data-widget_type=\"image-carousel.default\">\n\t\t\t\t<div class=\"elementor-widget-container\">\n\t\t\t\t\t\t\t<div class=\"elementor-image-carousel-wrapper swiper\" role=\"region\" aria-roledescription=\"carousel\" aria-label=\"Carrusel de im\u00e1genes\" dir=\"ltr\">\n\t\t\t<div class=\"elementor-image-carousel swiper-wrapper\" aria-live=\"off\">\n\t\t\t\t\t\t\t\t<div class=\"swiper-slide\" role=\"group\" aria-roledescription=\"slide\" aria-label=\"1 de 2\"><figure class=\"swiper-slide-inner\"><img decoding=\"async\" class=\"swiper-slide-image\" src=\"https:\/\/colegiosiralexanderfleming.edu.pe\/wp-content\/uploads\/2023\/11\/AJADRE.jpg\" alt=\"AJADRE\" \/><\/figure><\/div><div class=\"swiper-slide\" role=\"group\" aria-roledescription=\"slide\" aria-label=\"2 de 2\"><figure class=\"swiper-slide-inner\"><img decoding=\"async\" class=\"swiper-slide-image\" src=\"https:\/\/colegiosiralexanderfleming.edu.pe\/wp-content\/uploads\/2023\/11\/REFORZAMIENTO-768x461.jpg\" alt=\"REFORZAMIENTO\" \/><\/figure><\/div>\t\t\t<\/div>\n\t\t\t\t\t\t\t\t\t\t\t\t<div class=\"elementor-swiper-button elementor-swiper-button-prev\" role=\"button\" tabindex=\"0\">\n\t\t\t\t\t\t<svg aria-hidden=\"true\" class=\"e-font-icon-svg e-eicon-chevron-left\" viewBox=\"0 0 1000 1000\" xmlns=\"http:\/\/www.w3.org\/2000\/svg\"><path d=\"M646 125C629 125 613 133 604 142L308 442C296 454 292 471 292 487 292 504 296 521 308 533L604 854C617 867 629 875 646 875 663 875 679 871 692 858 704 846 713 829 713 812 713 796 708 779 692 767L438 487 692 225C700 217 708 204 708 187 708 171 704 154 692 142 675 129 663 125 646 125Z\"><\/path><\/svg>\t\t\t\t\t<\/div>\n\t\t\t\t\t<div class=\"elementor-swiper-button elementor-swiper-button-next\" role=\"button\" tabindex=\"0\">\n\t\t\t\t\t\t<svg aria-hidden=\"true\" class=\"e-font-icon-svg e-eicon-chevron-right\" viewBox=\"0 0 1000 1000\" xmlns=\"http:\/\/www.w3.org\/2000\/svg\"><path d=\"M696 533C708 521 713 504 713 487 713 471 708 454 696 446L400 146C388 133 375 125 354 125 338 125 325 129 313 142 300 154 292 171 292 187 292 204 296 221 308 233L563 492 304 771C292 783 288 800 288 817 288 833 296 850 308 863 321 871 338 875 354 875 371 875 388 867 400 854L696 533Z\"><\/path><\/svg>\t\t\t\t\t<\/div>\n\t\t\t\t\n\t\t\t\t\t\t\t\t\t<\/div>\n\t\t\t\t\t\t<\/div>\n\t\t\t\t<\/div>\n\t\t\t\t\t<\/div>\n\t\t\t\t<\/div>\n\t\t\t\t<\/div>\n\t\t","protected":false},"excerpt":{"rendered":"<p>TALLERES Los Talleres, son fundamentales en la formaci\u00f3n de nuestros estudiantes. A trav\u00e9s de su pr\u00e1ctica, se favorece el desarrollo intelectual, emocional y motriz; asimismo, ayudan a construir una relaci\u00f3n activa de los estudiantes con su comunidad, ya que, de manera natural, estimulan el sentido de identificaci\u00f3n y pertenencia comunitaria y les permiten una mejor [&hellip;]<\/p>\n","protected":false},"author":1,"featured_media":0,"parent":0,"menu_order":0,"comment_status":"closed","ping_status":"closed","template":"elementor_header_footer","meta":{"footnotes":""},"class_list":["post-105","page","type-page","status-publish","hentry"],"_links":{"self":[{"href":"https:\/\/colegiosiralexanderfleming.edu.pe\/index.php\/wp-json\/wp\/v2\/pages\/105","targetHints":{"allow":["GET"]}}],"collection":[{"href":"https:\/\/colegiosiralexanderfleming.edu.pe\/index.php\/wp-json\/wp\/v2\/pages"}],"about":[{"href":"https:\/\/colegiosiralexanderfleming.edu.pe\/index.php\/wp-json\/wp\/v2\/types\/page"}],"author":[{"embeddable":true,"href":"https:\/\/colegiosiralexanderfleming.edu.pe\/index.php\/wp-json\/wp\/v2\/users\/1"}],"replies":[{"embeddable":true,"href":"https:\/\/colegiosiralexanderfleming.edu.pe\/index.php\/wp-json\/wp\/v2\/comments?post=105"}],"version-history":[{"count":4,"href":"https:\/\/colegiosiralexanderfleming.edu.pe\/index.php\/wp-json\/wp\/v2\/pages\/105\/revisions"}],"predecessor-version":[{"id":129,"href":"https:\/\/colegiosiralexanderfleming.edu.pe\/index.php\/wp-json\/wp\/v2\/pages\/105\/revisions\/129"}],"wp:attachment":[{"href":"https:\/\/colegiosiralexanderfleming.edu.pe\/index.php\/wp-json\/wp\/v2\/media?parent=105"}],"curies":[{"name":"wp","href":"https:\/\/api.w.org\/{rel}","templated":true}]}}