{"id":134,"date":"2023-11-25T05:04:04","date_gmt":"2023-11-25T04:04:04","guid":{"rendered":"https:\/\/colegiosiralexanderfleming.edu.pe\/?page_id=134"},"modified":"2023-11-25T05:09:37","modified_gmt":"2023-11-25T04:09:37","slug":"actividades-mensuales","status":"publish","type":"page","link":"https:\/\/colegiosiralexanderfleming.edu.pe\/index.php\/actividades-mensuales\/","title":{"rendered":"Actividades mensuales"},"content":{"rendered":"\t\t<div data-elementor-type=\"wp-page\" data-elementor-id=\"134\" class=\"elementor elementor-134\" data-elementor-post-type=\"page\">\n\t\t\t\t<div class=\"elementor-element elementor-element-385a398 e-flex e-con-boxed e-con e-parent\" data-id=\"385a398\" data-element_type=\"container\">\n\t\t\t\t\t<div class=\"e-con-inner\">\n\t\t\t\t<div class=\"elementor-element elementor-element-2b6ddc2 elementor-widget elementor-widget-heading\" data-id=\"2b6ddc2\" data-element_type=\"widget\" data-widget_type=\"heading.default\">\n\t\t\t\t<div class=\"elementor-widget-container\">\n\t\t\t\t\t<h2 class=\"elementor-heading-title elementor-size-default\">ACTIVIDADES MENSUALES<\/h2>\t\t\t\t<\/div>\n\t\t\t\t<\/div>\n\t\t\t\t<div class=\"elementor-element elementor-element-67addbd elementor-widget-divider--view-line elementor-widget elementor-widget-divider\" data-id=\"67addbd\" data-element_type=\"widget\" data-widget_type=\"divider.default\">\n\t\t\t\t<div class=\"elementor-widget-container\">\n\t\t\t\t\t\t\t<div class=\"elementor-divider\">\n\t\t\t<span class=\"elementor-divider-separator\">\n\t\t\t\t\t\t<\/span>\n\t\t<\/div>\n\t\t\t\t\t\t<\/div>\n\t\t\t\t<\/div>\n\t\t\t\t\t<\/div>\n\t\t\t\t<\/div>\n\t\t<div class=\"elementor-element elementor-element-fc08dc2 e-flex e-con-boxed e-con e-parent\" data-id=\"fc08dc2\" data-element_type=\"container\">\n\t\t\t\t\t<div class=\"e-con-inner\">\n\t\t\t\t<div class=\"elementor-element elementor-element-c7fa3b9 elementor-widget elementor-widget-heading\" data-id=\"c7fa3b9\" data-element_type=\"widget\" data-widget_type=\"heading.default\">\n\t\t\t\t<div class=\"elementor-widget-container\">\n\t\t\t\t\t<h2 class=\"elementor-heading-title elementor-size-default\">CALENDARIO DE ACTIVIDADES 2024<\/h2>\t\t\t\t<\/div>\n\t\t\t\t<\/div>\n\t\t\t\t\t<\/div>\n\t\t\t\t<\/div>\n\t\t<div class=\"elementor-element elementor-element-0a09ab1 e-flex e-con-boxed e-con e-parent\" data-id=\"0a09ab1\" data-element_type=\"container\">\n\t\t\t\t\t<div class=\"e-con-inner\">\n\t\t\t\t<div class=\"elementor-element elementor-element-bb38fb0 elementor-widget__width-initial elementor-widget elementor-widget-html\" data-id=\"bb38fb0\" data-element_type=\"widget\" data-widget_type=\"html.default\">\n\t\t\t\t<div class=\"elementor-widget-container\">\n\t\t\t\t\t<table style=\"height: 3238px;\" width=\"693\">\r\n<tbody>\r\n<tr>\r\n<td style=\"text-align: center;\" width=\"88\"><strong>MES<\/strong><\/td>\r\n<td style=\"text-align: center;\" width=\"66\"><strong>D\u00cdA<\/strong><\/td>\r\n<td style=\"text-align: center;\" width=\"416\"><strong>ACTIVIDAD<\/strong><\/td>\r\n<td style=\"text-align: center;\" width=\"132\"><strong>PARTICIPANTES<\/strong><\/td>\r\n<\/tr>\r\n<tr>\r\n<td rowspan=\"2\" width=\"88\"><strong>&nbsp;<\/strong><p><\/p>\r\n<p style=\"text-align: center;\"><strong>MARZO<\/strong><\/p>\r\n<\/td>\r\n<td style=\"text-align: center;\" width=\"66\"><strong>05<\/strong><\/td>\r\n<td width=\"416\">Inauguraci\u00f3n del A\u00f1o Acad\u00e9mico 2021<\/td>\r\n<td style=\"text-align: center;\" width=\"132\">Docentes\/ Padre\/ Estudiante<\/td>\r\n<\/tr>\r\n<tr>\r\n<td style=\"text-align: center;\" width=\"66\"><strong>25<\/strong><\/td>\r\n<td width=\"416\">\r\n<p style=\"text-align: center;\">Actividad interna de la lucha contra la no violencia a la mujer<\/p>\r\n<\/td>\r\n<td style=\"text-align: center;\" width=\"132\">Prim-sec<\/td>\r\n<\/tr>\r\n<tr>\r\n<td rowspan=\"3\" width=\"88\">\r\n<p style=\"text-align: center;\"><strong>&nbsp;<\/strong><\/p>\r\n<p style=\"text-align: center;\"><strong>ABRIL<\/strong><\/p>\r\n<\/td>\r\n<td style=\"text-align: center;\" width=\"66\"><strong>1 y 2<\/strong><\/td>\r\n<td style=\"text-align: center;\" width=\"416\">FERIADO<\/td>\r\n<td width=\"132\"><strong>&nbsp;<\/strong><\/td>\r\n<\/tr>\r\n<tr>\r\n<td style=\"text-align: center;\" width=\"66\"><strong>06 al 10<\/strong><\/td>\r\n<td style=\"text-align: center;\" width=\"416\">Evaluaciones<\/td>\r\n<td style=\"text-align: center;\" width=\"132\">Prim-sec<\/td>\r\n<\/tr>\r\n<tr>\r\n<td style=\"text-align: center;\" width=\"66\"><strong>23<\/strong><\/td>\r\n<td style=\"text-align: center;\" width=\"416\">Actividad interna de la lucha contra la no violencia a la mujer<\/td>\r\n<td style=\"text-align: center;\" width=\"132\">Prim-sec<\/td>\r\n<\/tr>\r\n<tr>\r\n<td rowspan=\"5\" width=\"88\"><strong>&nbsp;<\/strong><p><\/p>\r\n<p style=\"text-align: center;\"><strong>MAYO<\/strong><\/p>\r\n<\/td>\r\n<td style=\"text-align: center;\" width=\"66\"><strong>01 <\/strong><\/td>\r\n<td style=\"text-align: center;\" width=\"416\">FERIADO<\/td>\r\n<td width=\"132\"><\/td>\r\n<\/tr>\r\n<tr>\r\n<td style=\"text-align: center;\" width=\"66\"><strong>06 al 10<\/strong><\/td>\r\n<td style=\"text-align: center;\" width=\"416\">Evaluaciones<\/td>\r\n<td width=\"132\"><\/td>\r\n<\/tr>\r\n<tr>\r\n<td style=\"text-align: center;\" width=\"66\"><strong>09<\/strong><\/td>\r\n<td style=\"text-align: center;\" width=\"416\">Homenaje por el d\u00eda de la madre (se publica video)<\/td>\r\n<td style=\"text-align: center;\" width=\"132\">Prim-sec<\/td>\r\n<\/tr>\r\n<tr>\r\n<td width=\"66\"><strong>17 al 21 <\/strong><\/td>\r\n<td style=\"text-align: center;\" width=\"416\">Vacaciones<\/td>\r\n<td width=\"132\"><\/td>\r\n<\/tr>\r\n<tr>\r\n<td style=\"text-align: center;\" width=\"66\"><strong>25<\/strong><\/td>\r\n<td style=\"text-align: center;\" width=\"416\">Actividad interna de la lucha contra la no violencia a la mujer<\/td>\r\n<td style=\"text-align: center;\" width=\"132\">Prim-sec<\/td>\r\n<\/tr>\r\n<tr>\r\n<td rowspan=\"4\" width=\"88\"><strong>&nbsp;<\/strong><p><\/p>\r\n<p style=\"text-align: center;\"><strong>JUNIO<\/strong><\/p>\r\n<\/td>\r\n<td style=\"text-align: center;\" width=\"66\"><strong>07<\/strong><\/td>\r\n<td style=\"text-align: center;\" width=\"416\">Homenaje a la Bandera (Video)<\/td>\r\n<td style=\"text-align: center;\" width=\"132\">Prim-sec<\/td>\r\n<\/tr>\r\n<tr>\r\n<td style=\"text-align: center;\" width=\"66\"><strong>07 al 12<\/strong><\/td>\r\n<td style=\"text-align: center;\" width=\"416\">Evaluaciones<\/td>\r\n<td width=\"132\"><\/td>\r\n<\/tr>\r\n<tr>\r\n<td style=\"text-align: center;\" width=\"66\"><strong>25<\/strong><\/td>\r\n<td style=\"text-align: center;\" width=\"416\">Actividad interna de la lucha contra la no violencia a la mujer<\/td>\r\n<td style=\"text-align: center;\" width=\"132\">Prim-sec<\/td>\r\n<\/tr>\r\n<tr>\r\n<td style=\"text-align: center;\" width=\"66\"><strong>29 <\/strong><\/td>\r\n<td style=\"text-align: center;\" width=\"416\">FERIADO<\/td>\r\n<td width=\"132\"><\/td>\r\n<\/tr>\r\n<tr>\r\n<td rowspan=\"6\" width=\"88\"><strong>&nbsp;<\/strong><p><\/p>\r\n<p><strong>&nbsp;<\/strong><\/p>\r\n<p style=\"text-align: center;\"><strong>JULIO<\/strong><\/p>\r\n<\/td>\r\n<td style=\"text-align: center;\" width=\"66\"><strong>06<\/strong><\/td>\r\n<td style=\"text-align: center;\" width=\"416\">D\u00eda del maestro (se publica video)<\/td>\r\n<td style=\"text-align: center;\" width=\"132\">Prim-sec<\/td>\r\n<\/tr>\r\n<tr>\r\n<td style=\"text-align: center;\" width=\"66\"><strong>07 al 12<\/strong><\/td>\r\n<td style=\"text-align: center;\" width=\"416\">Evaluaciones<\/td>\r\n<td width=\"132\"><\/td>\r\n<\/tr>\r\n<tr>\r\n<td style=\"text-align: center;\" width=\"66\"><strong>06 <\/strong><\/td>\r\n<td style=\"text-align: center;\" width=\"416\">FERIADO<\/td>\r\n<td width=\"132\"><\/td>\r\n<\/tr>\r\n<tr>\r\n<td width=\"66\"><strong>\u2013<\/strong><\/td>\r\n<td style=\"text-align: center;\" width=\"416\">Feria de ciencias<\/td>\r\n<td style=\"text-align: center;\" width=\"132\">Prim-sec<\/td>\r\n<\/tr>\r\n<tr>\r\n<td style=\"text-align: center;\" width=\"66\"><strong>23<\/strong><\/td>\r\n<td style=\"text-align: center;\" width=\"416\">Actividad interna de la lucha contra la no violencia a la mujer<\/td>\r\n<td style=\"text-align: center;\" width=\"132\">Prim-sec<\/td>\r\n<\/tr>\r\n<tr>\r\n<td style=\"text-align: center;\" width=\"66\"><strong>26 al 28<\/strong><\/td>\r\n<td style=\"text-align: center;\" width=\"416\">Semana aniversario patrio (se publican videos)<\/td>\r\n<td style=\"text-align: center;\" width=\"132\">Prim-sec<\/td>\r\n<\/tr>\r\n<tr>\r\n<td width=\"88\"><strong>&nbsp;<\/strong><\/td>\r\n<td style=\"text-align: center;\" width=\"66\"><strong>26 al 06<\/strong><\/td>\r\n<td style=\"text-align: center;\" width=\"416\">Vacaciones<\/td>\r\n<td width=\"132\"><\/td>\r\n<\/tr>\r\n<tr>\r\n<td rowspan=\"5\" width=\"88\">\r\n<p style=\"text-align: center;\"><strong>&nbsp;<\/strong><\/p>\r\n<p style=\"text-align: center;\"><strong>&nbsp;<\/strong><\/p>\r\n<p style=\"text-align: center;\"><strong>AGOSTO<\/strong><\/p>\r\n<\/td>\r\n<td style=\"text-align: center;\" width=\"66\"><strong>09 al 14<\/strong><\/td>\r\n<td style=\"text-align: center;\" width=\"416\">Evaluaciones<\/td>\r\n<td width=\"132\"><\/td>\r\n<\/tr>\r\n<tr>\r\n<td style=\"text-align: center;\" width=\"66\"><strong>13<\/strong><\/td>\r\n<td style=\"text-align: center;\" width=\"416\">Concurso de dibujo y pintura \u201cMi Arequipa\u201d (publicaci\u00f3n lista de ganadores)<\/td>\r\n<td style=\"text-align: center;\" width=\"132\">Prim-sec<\/td>\r\n<\/tr>\r\n<tr>\r\n<td style=\"text-align: center;\" width=\"66\"><strong>25<\/strong><\/td>\r\n<td style=\"text-align: center;\" width=\"416\">Actividad interna de la lucha contra la no violencia a la mujer<\/td>\r\n<td style=\"text-align: center;\" width=\"132\">Prim-sec<\/td>\r\n<\/tr>\r\n<tr>\r\n<td style=\"text-align: center;\" width=\"66\"><strong>29<\/strong><\/td>\r\n<td width=\"416\">\r\n<p style=\"text-align: center;\">ADMISI\u00d3N PREFERENCIAL 2022<\/p>\r\n<p style=\"text-align: center;\">(Familiares de nuestros alumnos)<\/p>\r\n<\/td>\r\n<td width=\"132\"><\/td>\r\n<\/tr>\r\n<tr>\r\n<td style=\"text-align: center;\" width=\"66\"><strong>30<\/strong><\/td>\r\n<td style=\"text-align: center;\" width=\"416\">FERIADO<\/td>\r\n<td width=\"132\"><\/td>\r\n<\/tr>\r\n<tr>\r\n<td rowspan=\"5\" width=\"88\"><strong>&nbsp;<\/strong><p><\/p>\r\n<p><strong>SEPTIEMBRE<\/strong><\/p><\/td>\r\n<td style=\"text-align: center;\" width=\"66\"><strong>06 al 11<\/strong><\/td>\r\n<td style=\"text-align: center;\" width=\"416\">Evaluaciones<\/td>\r\n<td style=\"text-align: center;\" width=\"132\">Prim-sec<\/td>\r\n<\/tr>\r\n<tr>\r\n<td style=\"text-align: center;\" width=\"66\"><strong>22<\/strong><\/td>\r\n<td style=\"text-align: center;\" width=\"416\">Homenaje d\u00eda del Estudiante (video)<\/td>\r\n<td style=\"text-align: center;\" width=\"132\">Prim-sec<\/td>\r\n<\/tr>\r\n<tr>\r\n<td style=\"text-align: center;\" width=\"66\"><strong>23 <\/strong><\/td>\r\n<td style=\"text-align: center;\" width=\"416\">FERIADO<\/td>\r\n<td width=\"132\"><\/td>\r\n<\/tr>\r\n<tr>\r\n<td style=\"text-align: center;\" width=\"66\"><strong>24<\/strong><\/td>\r\n<td style=\"text-align: center;\" width=\"416\">Actividad interna de la lucha contra la no violencia a la mujer<\/td>\r\n<td style=\"text-align: center;\" width=\"132\">Prim-sec<\/td>\r\n<\/tr>\r\n<tr>\r\n<td style=\"text-align: center;\" width=\"66\"><strong>26<\/strong><\/td>\r\n<td style=\"text-align: center;\" width=\"416\">I Examen de Admisi\u00f3n 2022<\/td>\r\n<td style=\"text-align: center;\" width=\"132\">Prim-sec<\/td>\r\n<\/tr>\r\n<tr>\r\n<td rowspan=\"6\" width=\"88\"><strong>&nbsp;<\/strong><p><\/p>\r\n<p><strong>&nbsp;<\/strong><\/p>\r\n<p style=\"text-align: center;\"><strong>OCTUBRE<\/strong><\/p>\r\n<\/td>\r\n<td style=\"text-align: center;\" width=\"66\"><strong>01<\/strong><\/td>\r\n<td style=\"text-align: center;\" width=\"416\">JUEGOS FLORALES 2021<\/td>\r\n<td width=\"132\"><\/td>\r\n<\/tr>\r\n<tr>\r\n<td style=\"text-align: center;\" width=\"66\"><strong>06 al 12<\/strong><\/td>\r\n<td style=\"text-align: center;\" width=\"416\">Evaluaciones<\/td>\r\n<td style=\"text-align: center;\" width=\"132\">Prim-sec<\/td>\r\n<\/tr>\r\n<tr>\r\n<td style=\"text-align: center;\" width=\"66\"><strong>08<\/strong><\/td>\r\n<td style=\"text-align: center;\" width=\"416\">FERIADO<\/td>\r\n<td width=\"132\"><\/td>\r\n<\/tr>\r\n<tr>\r\n<td width=\"66\"><strong>11 al 15<\/strong><\/td>\r\n<td style=\"text-align: center;\" width=\"416\">Vacaciones<\/td>\r\n<td style=\"text-align: center;\" width=\"132\">Prim-sec<\/td>\r\n<\/tr>\r\n<tr>\r\n<td style=\"text-align: center;\" width=\"66\"><strong>22<\/strong><\/td>\r\n<td style=\"text-align: center;\" width=\"416\">Ceremonia de Aniversario (Actividad interna)<\/td>\r\n<td style=\"text-align: center;\" width=\"132\">Prim-sec<\/td>\r\n<\/tr>\r\n<tr>\r\n<td style=\"text-align: center;\" width=\"66\"><strong>25<\/strong><\/td>\r\n<td style=\"text-align: center;\" width=\"416\">Actividad interna de la lucha contra la no violencia a la mujer<\/td>\r\n<td style=\"text-align: center;\" width=\"132\">Prim-sec<\/td>\r\n<\/tr>\r\n<tr>\r\n<td rowspan=\"3\" width=\"88\"><strong>&nbsp;<\/strong><p><\/p>\r\n<p style=\"text-align: center;\"><strong>NOVIEMBRE<\/strong><\/p>\r\n<\/td>\r\n<td style=\"text-align: center;\" width=\"66\"><strong>01<\/strong><\/td>\r\n<td style=\"text-align: center;\" width=\"416\">FERIADO<\/td>\r\n<td width=\"132\"><\/td>\r\n<\/tr>\r\n<tr>\r\n<td style=\"text-align: center;\" width=\"66\"><strong>08 al 13<\/strong><\/td>\r\n<td style=\"text-align: center;\" width=\"416\">Evaluaciones<\/td>\r\n<td style=\"text-align: center;\" width=\"132\">Prim-sec<\/td>\r\n<\/tr>\r\n<tr>\r\n<td style=\"text-align: center;\" width=\"66\"><strong>25<\/strong><\/td>\r\n<td style=\"text-align: center;\" width=\"416\">Actividad interna de la lucha contra la no violencia a la mujer<\/td>\r\n<td style=\"text-align: center;\" width=\"132\">Prim-sec<\/td>\r\n<\/tr>\r\n<tr>\r\n<td rowspan=\"5\" width=\"88\"><strong>&nbsp;<\/strong><p><\/p>\r\n<p style=\"text-align: center;\"><strong>DICIEMBRE<\/strong><\/p>\r\n<\/td>\r\n<td style=\"text-align: center;\" width=\"66\"><strong>06 al 11<\/strong><\/td>\r\n<td style=\"text-align: center;\" width=\"416\">Evaluaciones<\/td>\r\n<td style=\"text-align: center;\" width=\"132\">Prim-sec<\/td>\r\n<\/tr>\r\n<tr>\r\n<td style=\"text-align: center;\" width=\"66\"><strong>08 <\/strong><\/td>\r\n<td style=\"text-align: center;\" width=\"416\">FERIADO<\/td>\r\n<td width=\"132\"><\/td>\r\n<\/tr>\r\n<tr>\r\n<td style=\"text-align: center;\" width=\"66\"><strong>21<\/strong><\/td>\r\n<td style=\"text-align: center;\" width=\"416\">Compartir Navide\u00f1o y villancicos<\/td>\r\n<td style=\"text-align: center;\" width=\"132\">Prim-sec<\/td>\r\n<\/tr>\r\n<tr>\r\n<td style=\"text-align: center;\" width=\"66\"><strong>18<\/strong><\/td>\r\n<td style=\"text-align: center;\" width=\"416\">III Examen de Admisi\u00f3n<\/td>\r\n<td width=\"132\"><\/td>\r\n<\/tr>\r\n<tr>\r\n<td style=\"text-align: center;\" width=\"66\"><strong>24<\/strong><\/td>\r\n<td style=\"text-align: center;\" width=\"416\">Clausura del a\u00f1o Escolar 2021<\/td>\r\n<td style=\"text-align: center;\" width=\"132\">Prim-sec<\/td>\r\n<\/tr>\r\n<\/tbody>\r\n<\/table>\t\t\t\t<\/div>\n\t\t\t\t<\/div>\n\t\t\t\t\t<\/div>\n\t\t\t\t<\/div>\n\t\t\t\t<\/div>\n\t\t","protected":false},"excerpt":{"rendered":"<p>ACTIVIDADES MENSUALES CALENDARIO DE ACTIVIDADES 2024 MES D\u00cdA ACTIVIDAD PARTICIPANTES &nbsp; MARZO 05 Inauguraci\u00f3n del A\u00f1o Acad\u00e9mico 2021 Docentes\/ Padre\/ Estudiante 25 Actividad interna de la lucha contra la no violencia a la mujer Prim-sec &nbsp; ABRIL 1 y 2 FERIADO &nbsp; 06 al 10 Evaluaciones Prim-sec 23 Actividad interna de la lucha contra la [&hellip;]<\/p>\n","protected":false},"author":1,"featured_media":0,"parent":0,"menu_order":0,"comment_status":"closed","ping_status":"closed","template":"elementor_header_footer","meta":{"footnotes":""},"class_list":["post-134","page","type-page","status-publish","hentry"],"_links":{"self":[{"href":"https:\/\/colegiosiralexanderfleming.edu.pe\/index.php\/wp-json\/wp\/v2\/pages\/134","targetHints":{"allow":["GET"]}}],"collection":[{"href":"https:\/\/colegiosiralexanderfleming.edu.pe\/index.php\/wp-json\/wp\/v2\/pages"}],"about":[{"href":"https:\/\/colegiosiralexanderfleming.edu.pe\/index.php\/wp-json\/wp\/v2\/types\/page"}],"author":[{"embeddable":true,"href":"https:\/\/colegiosiralexanderfleming.edu.pe\/index.php\/wp-json\/wp\/v2\/users\/1"}],"replies":[{"embeddable":true,"href":"https:\/\/colegiosiralexanderfleming.edu.pe\/index.php\/wp-json\/wp\/v2\/comments?post=134"}],"version-history":[{"count":5,"href":"https:\/\/colegiosiralexanderfleming.edu.pe\/index.php\/wp-json\/wp\/v2\/pages\/134\/revisions"}],"predecessor-version":[{"id":413,"href":"https:\/\/colegiosiralexanderfleming.edu.pe\/index.php\/wp-json\/wp\/v2\/pages\/134\/revisions\/413"}],"wp:attachment":[{"href":"https:\/\/colegiosiralexanderfleming.edu.pe\/index.php\/wp-json\/wp\/v2\/media?parent=134"}],"curies":[{"name":"wp","href":"https:\/\/api.w.org\/{rel}","templated":true}]}}