{"id":136,"date":"2023-11-25T05:10:43","date_gmt":"2023-11-25T04:10:43","guid":{"rendered":"https:\/\/colegiosiralexanderfleming.edu.pe\/?page_id=136"},"modified":"2024-03-07T18:21:40","modified_gmt":"2024-03-07T17:21:40","slug":"escuela-para-padres","status":"publish","type":"page","link":"https:\/\/colegiosiralexanderfleming.edu.pe\/index.php\/escuela-para-padres\/","title":{"rendered":"Escuela para  padres"},"content":{"rendered":"\t\t<div data-elementor-type=\"wp-page\" data-elementor-id=\"136\" class=\"elementor elementor-136\" data-elementor-post-type=\"page\">\n\t\t\t\t<div class=\"elementor-element elementor-element-15624a5 e-flex e-con-boxed e-con e-parent\" data-id=\"15624a5\" data-element_type=\"container\">\n\t\t\t\t\t<div class=\"e-con-inner\">\n\t\t\t\t<div class=\"elementor-element elementor-element-454a111 elementor-widget elementor-widget-heading\" data-id=\"454a111\" data-element_type=\"widget\" data-widget_type=\"heading.default\">\n\t\t\t\t<div class=\"elementor-widget-container\">\n\t\t\t\t\t<h2 class=\"elementor-heading-title elementor-size-default\">ESCUELA PARA PADRES<\/h2>\t\t\t\t<\/div>\n\t\t\t\t<\/div>\n\t\t\t\t<div class=\"elementor-element elementor-element-cc6eb93 elementor-widget-divider--view-line elementor-widget elementor-widget-divider\" data-id=\"cc6eb93\" data-element_type=\"widget\" data-widget_type=\"divider.default\">\n\t\t\t\t<div class=\"elementor-widget-container\">\n\t\t\t\t\t\t\t<div class=\"elementor-divider\">\n\t\t\t<span class=\"elementor-divider-separator\">\n\t\t\t\t\t\t<\/span>\n\t\t<\/div>\n\t\t\t\t\t\t<\/div>\n\t\t\t\t<\/div>\n\t\t\t\t\t<\/div>\n\t\t\t\t<\/div>\n\t\t<div class=\"elementor-element elementor-element-cc8bb3e e-flex e-con-boxed e-con e-parent\" data-id=\"cc8bb3e\" data-element_type=\"container\">\n\t\t\t\t\t<div class=\"e-con-inner\">\n\t\t\t\t<div class=\"elementor-element elementor-element-df0dbea elementor-widget elementor-widget-text-editor\" data-id=\"df0dbea\" data-element_type=\"widget\" data-widget_type=\"text-editor.default\">\n\t\t\t\t<div class=\"elementor-widget-container\">\n\t\t\t\t\t\t\t\t\t<p>La Escuela para Padres, es un espacio que se ha creado con la finalidad de aportar recomendaciones y respuestas en torno a diferentes tem\u00e1ticas del \u00e1mbito educativo y familiar que sirvan de gu\u00eda a aquellos padres que desean que sus hijos tengan un adecuado desarrollo.<\/p><p>\u00a0<\/p><p>De este modo, tiene como uno de los principales prop\u00f3sitos que se puedan observar mejoras en el desarrollo de h\u00e1bitos de estudios, gesti\u00f3n de emociones y motivaci\u00f3n hacia el aprendizaje de los ni\u00f1os y j\u00f3venes.<\/p><p>\u00a0<\/p><p>Lo ideal es que los menores cuenten con la posibilidad de tener un adecuado desarrollo integral, puesto que sentir\u00e1n un mayor apoyo por parte de sus madres, padres y educadores, quienes tendr\u00e1n conocimientos de estrategias y t\u00e9cnicas de aprendizaje efectivas.<\/p><p>\u00a0<\/p><p>A principios del siglo XX se concibi\u00f3 la idea de las Escuelas de Padres debido a que exist\u00eda un ambiente social en el que se preocupaban por la informaci\u00f3n y la Educaci\u00f3n. Este fue un movimiento que ha motivado a que se hayan ido generando nuevos programas de formaci\u00f3n, al igual que concepciones de Escuelas de padres y madres a trav\u00e9s de diferentes lugares en el mundo.\u00a0<\/p><p>\u00a0<\/p><p>Diversas son las dudas e interrogantes que suelen surgir al momento de criar y educar a ni\u00f1os y adolescentes. Al respecto, la Escuela de Padres tiene el prop\u00f3sito de dar respuesta a estas inquietudes mediante el planteamiento de pautas y recomendaciones que contribuyan a que estos individuos tengan un \u00f3ptimo desarrollo.<\/p><p>\u00a0<\/p><p>La Escuela para Padres les ofrece a los padres y madres diversas estrategias y recursos con los que puedan comprender diferentes aspectos de sus hijos relacionados con su crecimiento, maduraci\u00f3n y socializaci\u00f3n durante las etapas de su ni\u00f1ez y adolescencia.<\/p>\t\t\t\t\t\t\t\t<\/div>\n\t\t\t\t<\/div>\n\t\t\t\t\t<\/div>\n\t\t\t\t<\/div>\n\t\t<div class=\"elementor-element elementor-element-6af7f98 e-flex e-con-boxed e-con e-parent\" data-id=\"6af7f98\" data-element_type=\"container\">\n\t\t\t\t\t<div class=\"e-con-inner\">\n\t\t\t\t<div class=\"elementor-element elementor-element-d567eaa elementor-arrows-position-inside elementor-widget elementor-widget-image-carousel\" data-id=\"d567eaa\" data-element_type=\"widget\" data-settings=\"{&quot;slides_to_show&quot;:&quot;1&quot;,&quot;navigation&quot;:&quot;arrows&quot;,&quot;autoplay&quot;:&quot;yes&quot;,&quot;pause_on_hover&quot;:&quot;yes&quot;,&quot;pause_on_interaction&quot;:&quot;yes&quot;,&quot;autoplay_speed&quot;:5000,&quot;infinite&quot;:&quot;yes&quot;,&quot;effect&quot;:&quot;slide&quot;,&quot;speed&quot;:500}\" data-widget_type=\"image-carousel.default\">\n\t\t\t\t<div class=\"elementor-widget-container\">\n\t\t\t\t\t\t\t<div class=\"elementor-image-carousel-wrapper swiper\" role=\"region\" aria-roledescription=\"carousel\" aria-label=\"Carrusel de im\u00e1genes\" dir=\"ltr\">\n\t\t\t<div class=\"elementor-image-carousel swiper-wrapper\" aria-live=\"off\">\n\t\t\t\t\t\t\t\t<div class=\"swiper-slide\" role=\"group\" aria-roledescription=\"slide\" aria-label=\"1 de 11\"><figure class=\"swiper-slide-inner\"><img decoding=\"async\" class=\"swiper-slide-image\" src=\"https:\/\/colegiosiralexanderfleming.edu.pe\/wp-content\/uploads\/2023\/11\/escuela-para-padres-768x768.jpg\" alt=\"escuela para padres\" \/><\/figure><\/div><div class=\"swiper-slide\" role=\"group\" aria-roledescription=\"slide\" aria-label=\"2 de 11\"><figure class=\"swiper-slide-inner\"><img decoding=\"async\" class=\"swiper-slide-image\" src=\"https:\/\/colegiosiralexanderfleming.edu.pe\/wp-content\/uploads\/2023\/11\/400387040_769821231824928_6075801486217419684_n-768x747.jpg\" alt=\"400387040_769821231824928_6075801486217419684_n\" \/><\/figure><\/div><div class=\"swiper-slide\" role=\"group\" aria-roledescription=\"slide\" aria-label=\"3 de 11\"><figure class=\"swiper-slide-inner\"><img decoding=\"async\" class=\"swiper-slide-image\" src=\"https:\/\/colegiosiralexanderfleming.edu.pe\/wp-content\/uploads\/2023\/11\/400013709_769821061824945_5533049097606625629_n-768x747.jpg\" alt=\"400013709_769821061824945_5533049097606625629_n\" \/><\/figure><\/div><div class=\"swiper-slide\" role=\"group\" aria-roledescription=\"slide\" aria-label=\"4 de 11\"><figure class=\"swiper-slide-inner\"><img decoding=\"async\" class=\"swiper-slide-image\" src=\"https:\/\/colegiosiralexanderfleming.edu.pe\/wp-content\/uploads\/2023\/11\/399917336_769821325158252_3295330623564882046_n-768x747.jpg\" alt=\"399917336_769821325158252_3295330623564882046_n\" \/><\/figure><\/div><div class=\"swiper-slide\" role=\"group\" aria-roledescription=\"slide\" aria-label=\"5 de 11\"><figure class=\"swiper-slide-inner\"><img decoding=\"async\" class=\"swiper-slide-image\" src=\"https:\/\/colegiosiralexanderfleming.edu.pe\/wp-content\/uploads\/2023\/11\/400438685_769821115158273_2705731793698172699_n-768x747.jpg\" alt=\"400438685_769821115158273_2705731793698172699_n\" \/><\/figure><\/div><div class=\"swiper-slide\" role=\"group\" aria-roledescription=\"slide\" aria-label=\"6 de 11\"><figure class=\"swiper-slide-inner\"><img decoding=\"async\" class=\"swiper-slide-image\" src=\"https:\/\/colegiosiralexanderfleming.edu.pe\/wp-content\/uploads\/2023\/11\/400369294_769821071824944_2255812433432670598_n-768x747.jpg\" alt=\"400369294_769821071824944_2255812433432670598_n\" \/><\/figure><\/div><div class=\"swiper-slide\" role=\"group\" aria-roledescription=\"slide\" aria-label=\"7 de 11\"><figure class=\"swiper-slide-inner\"><img decoding=\"async\" class=\"swiper-slide-image\" src=\"https:\/\/colegiosiralexanderfleming.edu.pe\/wp-content\/uploads\/2023\/11\/400331373_769821221824929_5280421267141577988_n-768x747.jpg\" alt=\"400331373_769821221824929_5280421267141577988_n\" \/><\/figure><\/div><div class=\"swiper-slide\" role=\"group\" aria-roledescription=\"slide\" aria-label=\"8 de 11\"><figure class=\"swiper-slide-inner\"><img decoding=\"async\" class=\"swiper-slide-image\" src=\"https:\/\/colegiosiralexanderfleming.edu.pe\/wp-content\/uploads\/2023\/11\/400405593_769821088491609_4235089740204088967_n-768x747.jpg\" alt=\"400405593_769821088491609_4235089740204088967_n\" \/><\/figure><\/div><div class=\"swiper-slide\" role=\"group\" aria-roledescription=\"slide\" aria-label=\"9 de 11\"><figure class=\"swiper-slide-inner\"><img decoding=\"async\" class=\"swiper-slide-image\" src=\"https:\/\/colegiosiralexanderfleming.edu.pe\/wp-content\/uploads\/2023\/11\/400006926_769821305158254_7397742634514523685_n-768x747.jpg\" alt=\"400006926_769821305158254_7397742634514523685_n\" \/><\/figure><\/div><div class=\"swiper-slide\" role=\"group\" aria-roledescription=\"slide\" aria-label=\"10 de 11\"><figure class=\"swiper-slide-inner\"><img decoding=\"async\" class=\"swiper-slide-image\" src=\"https:\/\/colegiosiralexanderfleming.edu.pe\/wp-content\/uploads\/2023\/11\/400407799_769821098491608_1133301160452473990_n-768x747.jpg\" alt=\"400407799_769821098491608_1133301160452473990_n\" \/><\/figure><\/div><div class=\"swiper-slide\" role=\"group\" aria-roledescription=\"slide\" aria-label=\"11 de 11\"><figure class=\"swiper-slide-inner\"><img decoding=\"async\" class=\"swiper-slide-image\" src=\"https:\/\/colegiosiralexanderfleming.edu.pe\/wp-content\/uploads\/2023\/11\/400620722_769821341824917_439887275874389591_n-768x747.jpg\" alt=\"400620722_769821341824917_439887275874389591_n\" \/><\/figure><\/div>\t\t\t<\/div>\n\t\t\t\t\t\t\t\t\t\t\t\t<div class=\"elementor-swiper-button elementor-swiper-button-prev\" role=\"button\" tabindex=\"0\">\n\t\t\t\t\t\t<svg aria-hidden=\"true\" class=\"e-font-icon-svg e-eicon-chevron-left\" viewBox=\"0 0 1000 1000\" xmlns=\"http:\/\/www.w3.org\/2000\/svg\"><path d=\"M646 125C629 125 613 133 604 142L308 442C296 454 292 471 292 487 292 504 296 521 308 533L604 854C617 867 629 875 646 875 663 875 679 871 692 858 704 846 713 829 713 812 713 796 708 779 692 767L438 487 692 225C700 217 708 204 708 187 708 171 704 154 692 142 675 129 663 125 646 125Z\"><\/path><\/svg>\t\t\t\t\t<\/div>\n\t\t\t\t\t<div class=\"elementor-swiper-button elementor-swiper-button-next\" role=\"button\" tabindex=\"0\">\n\t\t\t\t\t\t<svg aria-hidden=\"true\" class=\"e-font-icon-svg e-eicon-chevron-right\" viewBox=\"0 0 1000 1000\" xmlns=\"http:\/\/www.w3.org\/2000\/svg\"><path d=\"M696 533C708 521 713 504 713 487 713 471 708 454 696 446L400 146C388 133 375 125 354 125 338 125 325 129 313 142 300 154 292 171 292 187 292 204 296 221 308 233L563 492 304 771C292 783 288 800 288 817 288 833 296 850 308 863 321 871 338 875 354 875 371 875 388 867 400 854L696 533Z\"><\/path><\/svg>\t\t\t\t\t<\/div>\n\t\t\t\t\n\t\t\t\t\t\t\t\t\t<\/div>\n\t\t\t\t\t\t<\/div>\n\t\t\t\t<\/div>\n\t\t\t\t\t<\/div>\n\t\t\t\t<\/div>\n\t\t<div class=\"elementor-element elementor-element-0027220 e-flex e-con-boxed e-con e-parent\" data-id=\"0027220\" data-element_type=\"container\">\n\t\t\t\t\t<div class=\"e-con-inner\">\n\t\t\t\t<div class=\"elementor-element elementor-element-74e762e elementor-widget elementor-widget-text-editor\" data-id=\"74e762e\" data-element_type=\"widget\" data-widget_type=\"text-editor.default\">\n\t\t\t\t<div class=\"elementor-widget-container\">\n\t\t\t\t\t\t\t\t\t<p>Algunas de las formas en las que pueden beneficiar los recintos educativos son los siguientes:<\/p><p>\u00a0<\/p><ul><li>Mostrar que los padres tambi\u00e9n pueden actuar como educadores de sus hijos.<\/li><li>Propiciar que la escuela trabaje junto a la familia en el proceso de ense\u00f1anza aprendizaje de los ni\u00f1os y adolescentes.<\/li><li>Ayudar a construir Comunidades de Aprendizaje en las instituciones educativas.<\/li><li>Contribuir en el desarrollo de un Aprendizaje Dial\u00f3gico.<\/li><\/ul><p>\u00a0<\/p><p>Las Escuelas de Padres deben propiciar la importancia que la familia tiene en el desarrollo de los ni\u00f1os y adolescentes. Algunos de los beneficios que ofrece a los padres y madres son los siguientes:<\/p><p>\u00a0<\/p><ul><li>Contribuir a la construcci\u00f3n de familias que eduquen a sus hijos para que sean seres humanos libres y responsables.<\/li><li>Propiciar una comunicaci\u00f3n asertiva y efectiva entre los miembros de la familia.<\/li><li>Ayudar a que mejore la autoestima de los ni\u00f1os y j\u00f3venes en la medida que estos tienen buenas relaciones de convivencia con sus familiares.<\/li><li>Ofrecer recursos, materiales, herramientas y estrategias de aprendizaje con las que los padres y madres puedan fomentar el aprendizaje de sus hijos.<\/li><\/ul><p>\u00a0<\/p><p>La Escuela de Padres tiene como prop\u00f3sito integrar a las diferentes figuras que ejercen una responsabilidad en el proceso de ense\u00f1anza aprendizaje de los estudiantes, entre estos los padres, madres, docentes, comunidad, entre otros miembros que pueden ser valiosos para que mejore su motivaci\u00f3n y rendimiento acad\u00e9mico.<\/p>\t\t\t\t\t\t\t\t<\/div>\n\t\t\t\t<\/div>\n\t\t\t\t\t<\/div>\n\t\t\t\t<\/div>\n\t\t<div class=\"elementor-element elementor-element-f0ee5b0 e-flex e-con-boxed e-con e-parent\" data-id=\"f0ee5b0\" data-element_type=\"container\">\n\t\t\t\t\t<div class=\"e-con-inner\">\n\t\t\t\t<div class=\"elementor-element elementor-element-ce97891 elementor-widget elementor-widget-text-editor\" data-id=\"ce97891\" data-element_type=\"widget\" data-widget_type=\"text-editor.default\">\n\t\t\t\t<div class=\"elementor-widget-container\">\n\t\t\t\t\t\t\t\t\t<p>Al trascender los entornos educativos, la Metodolog\u00eda de las Comunidades de Aprendizaje abre las puertas a la comunidad en la que se encuentran los estudiantes, lo que a su vez permite que estos ni\u00f1os y j\u00f3venes puedan tener una mayor consciencia de su realidad y las problem\u00e1ticas que se presentan.<\/p><p>\u00a0<\/p><p>Esto les permitir\u00e1 que, trabajando en conjunto con sus docentes, padres y otros familiares y miembros de las comunidades, estos individuos puedan buscar soluciones pertinentes a determinadas situaciones al estudiar en la casa y los recintos educativos<\/p>\t\t\t\t\t\t\t\t<\/div>\n\t\t\t\t<\/div>\n\t\t\t\t\t<\/div>\n\t\t\t\t<\/div>\n\t\t\t\t<\/div>\n\t\t","protected":false},"excerpt":{"rendered":"<p>ESCUELA PARA PADRES La Escuela para Padres, es un espacio que se ha creado con la finalidad de aportar recomendaciones y respuestas en torno a diferentes tem\u00e1ticas del \u00e1mbito educativo y familiar que sirvan de gu\u00eda a aquellos padres que desean que sus hijos tengan un adecuado desarrollo. \u00a0 De este modo, tiene como uno [&hellip;]<\/p>\n","protected":false},"author":1,"featured_media":0,"parent":0,"menu_order":0,"comment_status":"closed","ping_status":"closed","template":"elementor_header_footer","meta":{"footnotes":""},"class_list":["post-136","page","type-page","status-publish","hentry"],"_links":{"self":[{"href":"https:\/\/colegiosiralexanderfleming.edu.pe\/index.php\/wp-json\/wp\/v2\/pages\/136","targetHints":{"allow":["GET"]}}],"collection":[{"href":"https:\/\/colegiosiralexanderfleming.edu.pe\/index.php\/wp-json\/wp\/v2\/pages"}],"about":[{"href":"https:\/\/colegiosiralexanderfleming.edu.pe\/index.php\/wp-json\/wp\/v2\/types\/page"}],"author":[{"embeddable":true,"href":"https:\/\/colegiosiralexanderfleming.edu.pe\/index.php\/wp-json\/wp\/v2\/users\/1"}],"replies":[{"embeddable":true,"href":"https:\/\/colegiosiralexanderfleming.edu.pe\/index.php\/wp-json\/wp\/v2\/comments?post=136"}],"version-history":[{"count":16,"href":"https:\/\/colegiosiralexanderfleming.edu.pe\/index.php\/wp-json\/wp\/v2\/pages\/136\/revisions"}],"predecessor-version":[{"id":785,"href":"https:\/\/colegiosiralexanderfleming.edu.pe\/index.php\/wp-json\/wp\/v2\/pages\/136\/revisions\/785"}],"wp:attachment":[{"href":"https:\/\/colegiosiralexanderfleming.edu.pe\/index.php\/wp-json\/wp\/v2\/media?parent=136"}],"curies":[{"name":"wp","href":"https:\/\/api.w.org\/{rel}","templated":true}]}}