{"id":167,"date":"2023-11-25T05:18:28","date_gmt":"2023-11-25T04:18:28","guid":{"rendered":"https:\/\/colegiosiralexanderfleming.edu.pe\/?page_id=167"},"modified":"2023-11-25T05:27:54","modified_gmt":"2023-11-25T04:27:54","slug":"asesoramiento-de-estudios","status":"publish","type":"page","link":"https:\/\/colegiosiralexanderfleming.edu.pe\/index.php\/asesoramiento-de-estudios\/","title":{"rendered":"Asesoramiento de estudios"},"content":{"rendered":"\t\t<div data-elementor-type=\"wp-page\" data-elementor-id=\"167\" class=\"elementor elementor-167\" data-elementor-post-type=\"page\">\n\t\t\t\t<div class=\"elementor-element elementor-element-c87dd05 e-flex e-con-boxed e-con e-parent\" data-id=\"c87dd05\" data-element_type=\"container\">\n\t\t\t\t\t<div class=\"e-con-inner\">\n\t\t\t\t<div class=\"elementor-element elementor-element-2f684f7 elementor-widget elementor-widget-heading\" data-id=\"2f684f7\" data-element_type=\"widget\" data-widget_type=\"heading.default\">\n\t\t\t\t<div class=\"elementor-widget-container\">\n\t\t\t\t\t<h2 class=\"elementor-heading-title elementor-size-default\">ASESORAMIENTO DE ESTUDIOS<\/h2>\t\t\t\t<\/div>\n\t\t\t\t<\/div>\n\t\t\t\t<div class=\"elementor-element elementor-element-fe60603 elementor-widget-divider--view-line elementor-widget elementor-widget-divider\" data-id=\"fe60603\" data-element_type=\"widget\" data-widget_type=\"divider.default\">\n\t\t\t\t<div class=\"elementor-widget-container\">\n\t\t\t\t\t\t\t<div class=\"elementor-divider\">\n\t\t\t<span class=\"elementor-divider-separator\">\n\t\t\t\t\t\t<\/span>\n\t\t<\/div>\n\t\t\t\t\t\t<\/div>\n\t\t\t\t<\/div>\n\t\t\t\t<div class=\"elementor-element elementor-element-1b98c79 elementor-widget elementor-widget-text-editor\" data-id=\"1b98c79\" data-element_type=\"widget\" data-widget_type=\"text-editor.default\">\n\t\t\t\t<div class=\"elementor-widget-container\">\n\t\t\t\t\t\t\t\t\t<p>Contamos con el servicio de asesor\u00eda de estudio, dando a conocer las bondades de diferentes carreras que ofrecen las universidades de mayor prestigio de la regi\u00f3n. El objetivo de este servicio es brindar informaci\u00f3n necesaria de cu\u00e1les son los requisitos y procedimiento que el alumno debe de conocer antes de postular a la universidad que elija para seguir sus estudios superiores<\/p>\t\t\t\t\t\t\t\t<\/div>\n\t\t\t\t<\/div>\n\t\t\t\t\t<\/div>\n\t\t\t\t<\/div>\n\t\t<div class=\"elementor-element elementor-element-9125636 e-flex e-con-boxed e-con e-parent\" data-id=\"9125636\" data-element_type=\"container\">\n\t\t\t\t\t<div class=\"e-con-inner\">\n\t\t\t\t<div class=\"elementor-element elementor-element-4c6d691 elementor-widget elementor-widget-image\" data-id=\"4c6d691\" data-element_type=\"widget\" data-widget_type=\"image.default\">\n\t\t\t\t<div class=\"elementor-widget-container\">\n\t\t\t\t\t\t\t\t\t\t\t\t\t\t\t<img fetchpriority=\"high\" decoding=\"async\" width=\"800\" height=\"400\" src=\"https:\/\/colegiosiralexanderfleming.edu.pe\/wp-content\/uploads\/2023\/11\/ASESORAMIENTO.jpg\" class=\"attachment-large size-large wp-image-188\" alt=\"\" srcset=\"https:\/\/colegiosiralexanderfleming.edu.pe\/wp-content\/uploads\/2023\/11\/ASESORAMIENTO.jpg 800w, https:\/\/colegiosiralexanderfleming.edu.pe\/wp-content\/uploads\/2023\/11\/ASESORAMIENTO-300x150.jpg 300w, https:\/\/colegiosiralexanderfleming.edu.pe\/wp-content\/uploads\/2023\/11\/ASESORAMIENTO-768x384.jpg 768w\" sizes=\"(max-width: 800px) 100vw, 800px\" \/>\t\t\t\t\t\t\t\t\t\t\t\t\t\t\t<\/div>\n\t\t\t\t<\/div>\n\t\t\t\t\t<\/div>\n\t\t\t\t<\/div>\n\t\t\t\t<\/div>\n\t\t","protected":false},"excerpt":{"rendered":"<p>ASESORAMIENTO DE ESTUDIOS Contamos con el servicio de asesor\u00eda de estudio, dando a conocer las bondades de diferentes carreras que ofrecen las universidades de mayor prestigio de la regi\u00f3n. El objetivo de este servicio es brindar informaci\u00f3n necesaria de cu\u00e1les son los requisitos y procedimiento que el alumno debe de conocer antes de postular a [&hellip;]<\/p>\n","protected":false},"author":1,"featured_media":0,"parent":0,"menu_order":0,"comment_status":"closed","ping_status":"closed","template":"elementor_header_footer","meta":{"footnotes":""},"class_list":["post-167","page","type-page","status-publish","hentry"],"_links":{"self":[{"href":"https:\/\/colegiosiralexanderfleming.edu.pe\/index.php\/wp-json\/wp\/v2\/pages\/167","targetHints":{"allow":["GET"]}}],"collection":[{"href":"https:\/\/colegiosiralexanderfleming.edu.pe\/index.php\/wp-json\/wp\/v2\/pages"}],"about":[{"href":"https:\/\/colegiosiralexanderfleming.edu.pe\/index.php\/wp-json\/wp\/v2\/types\/page"}],"author":[{"embeddable":true,"href":"https:\/\/colegiosiralexanderfleming.edu.pe\/index.php\/wp-json\/wp\/v2\/users\/1"}],"replies":[{"embeddable":true,"href":"https:\/\/colegiosiralexanderfleming.edu.pe\/index.php\/wp-json\/wp\/v2\/comments?post=167"}],"version-history":[{"count":7,"href":"https:\/\/colegiosiralexanderfleming.edu.pe\/index.php\/wp-json\/wp\/v2\/pages\/167\/revisions"}],"predecessor-version":[{"id":191,"href":"https:\/\/colegiosiralexanderfleming.edu.pe\/index.php\/wp-json\/wp\/v2\/pages\/167\/revisions\/191"}],"wp:attachment":[{"href":"https:\/\/colegiosiralexanderfleming.edu.pe\/index.php\/wp-json\/wp\/v2\/media?parent=167"}],"curies":[{"name":"wp","href":"https:\/\/api.w.org\/{rel}","templated":true}]}}