{"id":168,"date":"2023-11-25T05:18:43","date_gmt":"2023-11-25T04:18:43","guid":{"rendered":"https:\/\/colegiosiralexanderfleming.edu.pe\/?page_id=168"},"modified":"2025-03-29T17:06:43","modified_gmt":"2025-03-29T16:06:43","slug":"psicopedagogico","status":"publish","type":"page","link":"https:\/\/colegiosiralexanderfleming.edu.pe\/index.php\/psicopedagogico\/","title":{"rendered":"Psicopedag\u00f3gico"},"content":{"rendered":"\t\t<div data-elementor-type=\"wp-page\" data-elementor-id=\"168\" class=\"elementor elementor-168\" data-elementor-post-type=\"page\">\n\t\t\t\t<div class=\"elementor-element elementor-element-e54d479 e-flex e-con-boxed e-con e-parent\" data-id=\"e54d479\" data-element_type=\"container\">\n\t\t\t\t\t<div class=\"e-con-inner\">\n\t\t\t\t<div class=\"elementor-element elementor-element-d3c2bb8 elementor-widget elementor-widget-heading\" data-id=\"d3c2bb8\" data-element_type=\"widget\" data-widget_type=\"heading.default\">\n\t\t\t\t<div class=\"elementor-widget-container\">\n\t\t\t\t\t<h2 class=\"elementor-heading-title elementor-size-default\">PSICOPEDAG\u00d3GICO<\/h2>\t\t\t\t<\/div>\n\t\t\t\t<\/div>\n\t\t\t\t<div class=\"elementor-element elementor-element-3e61681 elementor-widget-divider--view-line elementor-widget elementor-widget-divider\" data-id=\"3e61681\" data-element_type=\"widget\" data-widget_type=\"divider.default\">\n\t\t\t\t<div class=\"elementor-widget-container\">\n\t\t\t\t\t\t\t<div class=\"elementor-divider\">\n\t\t\t<span class=\"elementor-divider-separator\">\n\t\t\t\t\t\t<\/span>\n\t\t<\/div>\n\t\t\t\t\t\t<\/div>\n\t\t\t\t<\/div>\n\t\t\t\t<div class=\"elementor-element elementor-element-e86fcc0 elementor-widget elementor-widget-text-editor\" data-id=\"e86fcc0\" data-element_type=\"widget\" data-widget_type=\"text-editor.default\">\n\t\t\t\t<div class=\"elementor-widget-container\">\n\t\t\t\t\t\t\t\t\t<h3 class=\"\" data-start=\"0\" data-end=\"58\"><strong data-start=\"4\" data-end=\"56\">La Psicolog\u00eda Educativa en Sir Alexander Fleming<\/strong><\/h3><p class=\"\" data-start=\"60\" data-end=\"387\">En <strong data-start=\"63\" data-end=\"88\">Sir Alexander Fleming<\/strong>, la formaci\u00f3n integral de nuestros estudiantes es una prioridad. Por ello, contamos con un equipo de <strong data-start=\"190\" data-end=\"215\">psic\u00f3logos educativos<\/strong> altamente capacitados, cuya labor es fundamental en la optimizaci\u00f3n del proceso de ense\u00f1anza-aprendizaje y en el bienestar socioemocional de nuestra comunidad educativa.<\/p><p class=\"\" data-start=\"389\" data-end=\"828\">Es importante diferenciar entre <strong data-start=\"421\" data-end=\"439\">psicopedagog\u00eda<\/strong> y <strong data-start=\"442\" data-end=\"466\">psicolog\u00eda educativa<\/strong>. Mientras que la <strong data-start=\"484\" data-end=\"502\">psicopedagog\u00eda<\/strong> se orienta al estudio de los problemas de aprendizaje desde una perspectiva individual, considerando tanto aspectos afectivos como cognitivos, la <strong data-start=\"649\" data-end=\"673\">psicolog\u00eda educativa<\/strong> analiza los procesos de ense\u00f1anza y aprendizaje en su totalidad, abordando el comportamiento del estudiante, el rol del docente y el contexto educativo.<\/p><p class=\"\" data-start=\"830\" data-end=\"1141\">En los centros de educaci\u00f3n b\u00e1sica regular, el \u00e1rea especializada en esta disciplina es la de <strong data-start=\"924\" data-end=\"948\">Psicolog\u00eda Educativa<\/strong>, la cual tiene como objetivo principal fortalecer el aprendizaje, desarrollar habilidades cognitivas y generar estrategias que fomenten la motivaci\u00f3n y el logro acad\u00e9mico en los estudiantes.<\/p><h3 class=\"\" data-start=\"1143\" data-end=\"1211\"><strong data-start=\"1147\" data-end=\"1209\">Funciones del Psic\u00f3logo Educativo en Sir Alexander Fleming<\/strong><\/h3><p class=\"\" data-start=\"1213\" data-end=\"1825\">\u2714 <strong data-start=\"1215\" data-end=\"1255\">Intervenci\u00f3n acad\u00e9mica y conductual:<\/strong> Brinda orientaci\u00f3n a los docentes en la aplicaci\u00f3n de estrategias pedag\u00f3gicas efectivas.<br data-start=\"1344\" data-end=\"1347\" \/>\u2714 <strong data-start=\"1349\" data-end=\"1385\">Prevenci\u00f3n y detecci\u00f3n temprana:<\/strong> Identifica y orienta a estudiantes con necesidades especiales, deriv\u00e1ndolos a profesionales especializados cuando es necesario.<br data-start=\"1513\" data-end=\"1516\" \/>\u2714 <strong data-start=\"1518\" data-end=\"1543\">Orientaci\u00f3n integral:<\/strong> Acompa\u00f1a a estudiantes, docentes y familias en el proceso educativo, promoviendo la convivencia arm\u00f3nica y el desarrollo socioemocional.<br data-start=\"1680\" data-end=\"1683\" \/>\u2714 <strong data-start=\"1685\" data-end=\"1716\">Innovaci\u00f3n en la ense\u00f1anza:<\/strong> Participa en el dise\u00f1o y ejecuci\u00f3n de proyectos educativos que potencien la calidad acad\u00e9mica y formativa.<\/p><p class=\"\" data-start=\"1827\" data-end=\"2168\">La <strong data-start=\"1830\" data-end=\"1886\">relaci\u00f3n entre la familia y la instituci\u00f3n educativa<\/strong> desempe\u00f1a un papel clave en el \u00e9xito acad\u00e9mico del estudiante. Por ello, nuestros psic\u00f3logos establecen una comunicaci\u00f3n continua con los padres de familia, proporcionando informaci\u00f3n sobre el desarrollo de sus hijos y asesor\u00eda en estrategias de acompa\u00f1amiento para su formaci\u00f3n.<\/p><p class=\"\" data-start=\"2170\" data-end=\"2408\">En <strong data-start=\"2173\" data-end=\"2198\">Sir Alexander Fleming<\/strong>, reafirmamos nuestro compromiso con una educaci\u00f3n de excelencia, promoviendo valores, habilidades blandas y la gesti\u00f3n emocional, con el prop\u00f3sito de formar estudiantes preparados para los desaf\u00edos del futuro.<\/p>\t\t\t\t\t\t\t\t<\/div>\n\t\t\t\t<\/div>\n\t\t\t\t\t<\/div>\n\t\t\t\t<\/div>\n\t\t<div class=\"elementor-element elementor-element-73bbddc e-flex e-con-boxed e-con e-parent\" data-id=\"73bbddc\" data-element_type=\"container\">\n\t\t\t\t\t<div class=\"e-con-inner\">\n\t\t\t\t<div class=\"elementor-element elementor-element-fbbb00f elementor-widget elementor-widget-image\" data-id=\"fbbb00f\" data-element_type=\"widget\" data-widget_type=\"image.default\">\n\t\t\t\t<div class=\"elementor-widget-container\">\n\t\t\t\t\t\t\t\t\t\t\t\t\t\t\t<img fetchpriority=\"high\" decoding=\"async\" width=\"800\" height=\"466\" src=\"https:\/\/colegiosiralexanderfleming.edu.pe\/wp-content\/uploads\/2025\/03\/psicologas-1024x596.png\" class=\"attachment-large size-large wp-image-1896\" alt=\"\" srcset=\"https:\/\/colegiosiralexanderfleming.edu.pe\/wp-content\/uploads\/2025\/03\/psicologas-1024x596.png 1024w, https:\/\/colegiosiralexanderfleming.edu.pe\/wp-content\/uploads\/2025\/03\/psicologas-300x175.png 300w, https:\/\/colegiosiralexanderfleming.edu.pe\/wp-content\/uploads\/2025\/03\/psicologas-768x447.png 768w, https:\/\/colegiosiralexanderfleming.edu.pe\/wp-content\/uploads\/2025\/03\/psicologas-1536x894.png 1536w, https:\/\/colegiosiralexanderfleming.edu.pe\/wp-content\/uploads\/2025\/03\/psicologas-2048x1192.png 2048w\" sizes=\"(max-width: 800px) 100vw, 800px\" \/>\t\t\t\t\t\t\t\t\t\t\t\t\t\t\t<\/div>\n\t\t\t\t<\/div>\n\t\t\t\t\t<\/div>\n\t\t\t\t<\/div>\n\t\t\t\t<\/div>\n\t\t","protected":false},"excerpt":{"rendered":"<p>PSICOPEDAG\u00d3GICO La Psicolog\u00eda Educativa en Sir Alexander Fleming En Sir Alexander Fleming, la formaci\u00f3n integral de nuestros estudiantes es una prioridad. Por ello, contamos con un equipo de psic\u00f3logos educativos altamente capacitados, cuya labor es fundamental en la optimizaci\u00f3n del proceso de ense\u00f1anza-aprendizaje y en el bienestar socioemocional de nuestra comunidad educativa. Es importante diferenciar [&hellip;]<\/p>\n","protected":false},"author":1,"featured_media":0,"parent":0,"menu_order":0,"comment_status":"closed","ping_status":"closed","template":"elementor_header_footer","meta":{"footnotes":""},"class_list":["post-168","page","type-page","status-publish","hentry"],"_links":{"self":[{"href":"https:\/\/colegiosiralexanderfleming.edu.pe\/index.php\/wp-json\/wp\/v2\/pages\/168","targetHints":{"allow":["GET"]}}],"collection":[{"href":"https:\/\/colegiosiralexanderfleming.edu.pe\/index.php\/wp-json\/wp\/v2\/pages"}],"about":[{"href":"https:\/\/colegiosiralexanderfleming.edu.pe\/index.php\/wp-json\/wp\/v2\/types\/page"}],"author":[{"embeddable":true,"href":"https:\/\/colegiosiralexanderfleming.edu.pe\/index.php\/wp-json\/wp\/v2\/users\/1"}],"replies":[{"embeddable":true,"href":"https:\/\/colegiosiralexanderfleming.edu.pe\/index.php\/wp-json\/wp\/v2\/comments?post=168"}],"version-history":[{"count":13,"href":"https:\/\/colegiosiralexanderfleming.edu.pe\/index.php\/wp-json\/wp\/v2\/pages\/168\/revisions"}],"predecessor-version":[{"id":1899,"href":"https:\/\/colegiosiralexanderfleming.edu.pe\/index.php\/wp-json\/wp\/v2\/pages\/168\/revisions\/1899"}],"wp:attachment":[{"href":"https:\/\/colegiosiralexanderfleming.edu.pe\/index.php\/wp-json\/wp\/v2\/media?parent=168"}],"curies":[{"name":"wp","href":"https:\/\/api.w.org\/{rel}","templated":true}]}}