{"id":201,"date":"2023-11-25T05:34:32","date_gmt":"2023-11-25T04:34:32","guid":{"rendered":"https:\/\/colegiosiralexanderfleming.edu.pe\/?page_id=201"},"modified":"2024-01-20T18:38:17","modified_gmt":"2024-01-20T17:38:17","slug":"reglamento-interno","status":"publish","type":"page","link":"https:\/\/colegiosiralexanderfleming.edu.pe\/index.php\/reglamento-interno\/","title":{"rendered":"Reglamento interno"},"content":{"rendered":"\t\t<div data-elementor-type=\"wp-page\" data-elementor-id=\"201\" class=\"elementor elementor-201\" data-elementor-post-type=\"page\">\n\t\t\t\t<div class=\"elementor-element elementor-element-53cbca3 e-flex e-con-boxed e-con e-parent\" data-id=\"53cbca3\" data-element_type=\"container\" data-settings=\"{&quot;background_background&quot;:&quot;classic&quot;}\">\n\t\t\t\t\t<div class=\"e-con-inner\">\n\t\t\t\t<div class=\"elementor-element elementor-element-85c4fa7 elementor-widget__width-initial elementor-widget elementor-widget-heading\" data-id=\"85c4fa7\" data-element_type=\"widget\" data-widget_type=\"heading.default\">\n\t\t\t\t<div class=\"elementor-widget-container\">\n\t\t\t\t\t<h2 class=\"elementor-heading-title elementor-size-default\">REGLAMENTO INTERNO<\/h2>\t\t\t\t<\/div>\n\t\t\t\t<\/div>\n\t\t\t\t\t<\/div>\n\t\t\t\t<\/div>\n\t\t<div class=\"elementor-element elementor-element-4808691 e-flex e-con-boxed e-con e-parent\" data-id=\"4808691\" data-element_type=\"container\">\n\t\t\t\t\t<div class=\"e-con-inner\">\n\t\t\t\t<div class=\"elementor-element elementor-element-4278912 elementor-widget elementor-widget-image\" data-id=\"4278912\" data-element_type=\"widget\" data-widget_type=\"image.default\">\n\t\t\t\t<div class=\"elementor-widget-container\">\n\t\t\t\t\t\t\t\t\t\t\t\t\t\t\t<img fetchpriority=\"high\" decoding=\"async\" width=\"530\" height=\"751\" src=\"https:\/\/colegiosiralexanderfleming.edu.pe\/wp-content\/uploads\/2024\/01\/Captura-desde-2024-01-20-12-26-18.png\" class=\"attachment-full size-full wp-image-560\" alt=\"\" srcset=\"https:\/\/colegiosiralexanderfleming.edu.pe\/wp-content\/uploads\/2024\/01\/Captura-desde-2024-01-20-12-26-18.png 530w, https:\/\/colegiosiralexanderfleming.edu.pe\/wp-content\/uploads\/2024\/01\/Captura-desde-2024-01-20-12-26-18-212x300.png 212w\" sizes=\"(max-width: 530px) 100vw, 530px\" \/>\t\t\t\t\t\t\t\t\t\t\t\t\t\t\t<\/div>\n\t\t\t\t<\/div>\n\t\t<div class=\"elementor-element elementor-element-161001b e-flex e-con-boxed e-con e-child\" data-id=\"161001b\" data-element_type=\"container\">\n\t\t\t\t\t<div class=\"e-con-inner\">\n\t\t\t\t<div class=\"elementor-element elementor-element-78122b6 elementor-widget elementor-widget-heading\" data-id=\"78122b6\" data-element_type=\"widget\" data-widget_type=\"heading.default\">\n\t\t\t\t<div class=\"elementor-widget-container\">\n\t\t\t\t\t<h2 class=\"elementor-heading-title elementor-size-default\">REGLAMENTO INTERNO 2023 - 2024<\/h2>\t\t\t\t<\/div>\n\t\t\t\t<\/div>\n\t\t\t\t<div class=\"elementor-element elementor-element-126c063 elementor-widget elementor-widget-heading\" data-id=\"126c063\" data-element_type=\"widget\" data-widget_type=\"heading.default\">\n\t\t\t\t<div class=\"elementor-widget-container\">\n\t\t\t\t\t<span class=\"elementor-heading-title elementor-size-default\">Subido el  25 de Noviembre del 2023<\/span>\t\t\t\t<\/div>\n\t\t\t\t<\/div>\n\t\t\t\t<div class=\"elementor-element elementor-element-9f3581a elementor-widget elementor-widget-heading\" data-id=\"9f3581a\" data-element_type=\"widget\" data-widget_type=\"heading.default\">\n\t\t\t\t<div class=\"elementor-widget-container\">\n\t\t\t\t\t<span class=\"elementor-heading-title elementor-size-default\">Reglamento Interno es un instrumento normativo de gesti\u00f3n cuya\nactualizaci\u00f3n debe efectuarse permanentemente en base a las nuevas casu\u00edsticas y necesidades\nque se van presentando en el quehacer educativo cotidiano.<\/span>\t\t\t\t<\/div>\n\t\t\t\t<\/div>\n\t\t\t\t<div class=\"elementor-element elementor-element-a72d5c9 elementor-button-info elementor-align-right elementor-widget elementor-widget-button\" data-id=\"a72d5c9\" data-element_type=\"widget\" data-widget_type=\"button.default\">\n\t\t\t\t<div class=\"elementor-widget-container\">\n\t\t\t\t\t\t\t\t\t<div class=\"elementor-button-wrapper\">\n\t\t\t\t\t<a class=\"elementor-button elementor-button-link elementor-size-sm\" href=\"https:\/\/colegiosiralexanderfleming.edu.pe\/wp-content\/uploads\/2024\/01\/REGLAMENTO-INTERNO-2024.pdf\">\n\t\t\t\t\t\t<span class=\"elementor-button-content-wrapper\">\n\t\t\t\t\t\t<span class=\"elementor-button-icon\">\n\t\t\t\t<svg aria-hidden=\"true\" class=\"e-font-icon-svg e-fas-file-pdf\" viewBox=\"0 0 384 512\" xmlns=\"http:\/\/www.w3.org\/2000\/svg\"><path d=\"M181.9 256.1c-5-16-4.9-46.9-2-46.9 8.4 0 7.6 36.9 2 46.9zm-1.7 47.2c-7.7 20.2-17.3 43.3-28.4 62.7 18.3-7 39-17.2 62.9-21.9-12.7-9.6-24.9-23.4-34.5-40.8zM86.1 428.1c0 .8 13.2-5.4 34.9-40.2-6.7 6.3-29.1 24.5-34.9 40.2zM248 160h136v328c0 13.3-10.7 24-24 24H24c-13.3 0-24-10.7-24-24V24C0 10.7 10.7 0 24 0h200v136c0 13.2 10.8 24 24 24zm-8 171.8c-20-12.2-33.3-29-42.7-53.8 4.5-18.5 11.6-46.6 6.2-64.2-4.7-29.4-42.4-26.5-47.8-6.8-5 18.3-.4 44.1 8.1 77-11.6 27.6-28.7 64.6-40.8 85.8-.1 0-.1.1-.2.1-27.1 13.9-73.6 44.5-54.5 68 5.6 6.9 16 10 21.5 10 17.9 0 35.7-18 61.1-61.8 25.8-8.5 54.1-19.1 79-23.2 21.7 11.8 47.1 19.5 64 19.5 29.2 0 31.2-32 19.7-43.4-13.9-13.6-54.3-9.7-73.6-7.2zM377 105L279 7c-4.5-4.5-10.6-7-17-7h-6v128h128v-6.1c0-6.3-2.5-12.4-7-16.9zm-74.1 255.3c4.1-2.7-2.5-11.9-42.8-9 37.1 15.8 42.8 9 42.8 9z\"><\/path><\/svg>\t\t\t<\/span>\n\t\t\t\t\t\t\t\t\t<span class=\"elementor-button-text\">Ver Reglamento<\/span>\n\t\t\t\t\t<\/span>\n\t\t\t\t\t<\/a>\n\t\t\t\t<\/div>\n\t\t\t\t\t\t\t\t<\/div>\n\t\t\t\t<\/div>\n\t\t\t\t\t<\/div>\n\t\t\t\t<\/div>\n\t\t\t\t\t<\/div>\n\t\t\t\t<\/div>\n\t\t\t\t<\/div>\n\t\t","protected":false},"excerpt":{"rendered":"<p>REGLAMENTO INTERNO REGLAMENTO INTERNO 2023 &#8211; 2024 Subido el 25 de Noviembre del 2023 Reglamento Interno es un instrumento normativo de gesti\u00f3n cuya actualizaci\u00f3n debe efectuarse permanentemente en base a las nuevas casu\u00edsticas y necesidades que se van presentando en el quehacer educativo cotidiano. Ver Reglamento<\/p>\n","protected":false},"author":1,"featured_media":0,"parent":0,"menu_order":0,"comment_status":"closed","ping_status":"closed","template":"elementor_header_footer","meta":{"footnotes":""},"class_list":["post-201","page","type-page","status-publish","hentry"],"_links":{"self":[{"href":"https:\/\/colegiosiralexanderfleming.edu.pe\/index.php\/wp-json\/wp\/v2\/pages\/201","targetHints":{"allow":["GET"]}}],"collection":[{"href":"https:\/\/colegiosiralexanderfleming.edu.pe\/index.php\/wp-json\/wp\/v2\/pages"}],"about":[{"href":"https:\/\/colegiosiralexanderfleming.edu.pe\/index.php\/wp-json\/wp\/v2\/types\/page"}],"author":[{"embeddable":true,"href":"https:\/\/colegiosiralexanderfleming.edu.pe\/index.php\/wp-json\/wp\/v2\/users\/1"}],"replies":[{"embeddable":true,"href":"https:\/\/colegiosiralexanderfleming.edu.pe\/index.php\/wp-json\/wp\/v2\/comments?post=201"}],"version-history":[{"count":10,"href":"https:\/\/colegiosiralexanderfleming.edu.pe\/index.php\/wp-json\/wp\/v2\/pages\/201\/revisions"}],"predecessor-version":[{"id":568,"href":"https:\/\/colegiosiralexanderfleming.edu.pe\/index.php\/wp-json\/wp\/v2\/pages\/201\/revisions\/568"}],"wp:attachment":[{"href":"https:\/\/colegiosiralexanderfleming.edu.pe\/index.php\/wp-json\/wp\/v2\/media?parent=201"}],"curies":[{"name":"wp","href":"https:\/\/api.w.org\/{rel}","templated":true}]}}