{"id":202,"date":"2023-11-25T05:34:49","date_gmt":"2023-11-25T04:34:49","guid":{"rendered":"https:\/\/colegiosiralexanderfleming.edu.pe\/?page_id=202"},"modified":"2025-03-29T17:27:00","modified_gmt":"2025-03-29T16:27:00","slug":"presentacion","status":"publish","type":"page","link":"https:\/\/colegiosiralexanderfleming.edu.pe\/index.php\/presentacion\/","title":{"rendered":"Presentaci\u00f3n"},"content":{"rendered":"\t\t<div data-elementor-type=\"wp-page\" data-elementor-id=\"202\" class=\"elementor elementor-202\" data-elementor-post-type=\"page\">\n\t\t\t\t<div class=\"elementor-element elementor-element-35de25a e-flex e-con-boxed e-con e-parent\" data-id=\"35de25a\" data-element_type=\"container\">\n\t\t\t\t\t<div class=\"e-con-inner\">\n\t\t\t\t<div class=\"elementor-element elementor-element-9d68aeb elementor-widget elementor-widget-heading\" data-id=\"9d68aeb\" data-element_type=\"widget\" data-widget_type=\"heading.default\">\n\t\t\t\t<div class=\"elementor-widget-container\">\n\t\t\t\t\t<h2 class=\"elementor-heading-title elementor-size-default\">PRESENTACI\u00d3N<\/h2>\t\t\t\t<\/div>\n\t\t\t\t<\/div>\n\t\t\t\t<div class=\"elementor-element elementor-element-d47086f elementor-widget-divider--view-line elementor-widget elementor-widget-divider\" data-id=\"d47086f\" data-element_type=\"widget\" data-widget_type=\"divider.default\">\n\t\t\t\t<div class=\"elementor-widget-container\">\n\t\t\t\t\t\t\t<div class=\"elementor-divider\">\n\t\t\t<span class=\"elementor-divider-separator\">\n\t\t\t\t\t\t<\/span>\n\t\t<\/div>\n\t\t\t\t\t\t<\/div>\n\t\t\t\t<\/div>\n\t\t\t\t<div class=\"elementor-element elementor-element-61d9ac5 elementor-widget elementor-widget-text-editor\" data-id=\"61d9ac5\" data-element_type=\"widget\" data-widget_type=\"text-editor.default\">\n\t\t\t\t<div class=\"elementor-widget-container\">\n\t\t\t\t\t\t\t\t\t<p>Iniciamos un nuevo periodo lectivo, donde ha imperado siempre la obtenci\u00f3n de buenos logros acad\u00e9micos y de resultados tangibles como el ingreso de nuestros alumnos a las mejores universidades de la regi\u00f3n y de nuestro pa\u00eds, sin dejar de lado los valores y principios morales.<\/p><p>Estos logros no se alcanzan por medio de la suerte, sino por el esfuerzo y la dedicaci\u00f3n de un equipo de trabajo comprendido entre los profesores Sir Fleming, alumnos y padres de familia.<\/p><p>Este a\u00f1o acad\u00e9mico 2023 lanzamos una nueva propuesta acad\u00e9mica, a ra\u00edz de las exigencias de las universidades y de la nueva ley universitaria, donde nos hemos dado cuenta que debemos reforzar y apuntalar a trav\u00e9s de un bachillerato interno, teniendo como base los conocimientos adquiridos por sus hijos a trav\u00e9s de la educaci\u00f3n recibida en el nivel primario.<\/p><p>No descuidamos la curricula educativa y desarrollamos las \u00e1reas que son determinantes en el desarrollo del educando.<\/p><p>La corporaci\u00f3n Fleming, Academia y colegios, garantizan el adecuado desarrollo acad\u00e9mico de nuestros alumnos en este nivel secundario, nuestro sistema de ense\u00f1anza combina la alta exigencia academia y s\u00f3lida formaci\u00f3n de valores para formar ciudadanos l\u00edderes que cumplen sus objetivos en beneficio de su familia y de su sociedad.<\/p><p>Sabemos bien que, si no hay la confianza en nuestro creador, las cosas se har\u00e1n sin sentido, m\u00e1s bien en sus manos podremos hacer un camino de vida en beneficio de los alumnos, de sus familias y de nuestro pa\u00eds.<\/p>\t\t\t\t\t\t\t\t<\/div>\n\t\t\t\t<\/div>\n\t\t\t\t\t<\/div>\n\t\t\t\t<\/div>\n\t\t<div class=\"elementor-element elementor-element-8e3a540 e-flex e-con-boxed e-con e-parent\" data-id=\"8e3a540\" data-element_type=\"container\">\n\t\t\t\t\t<div class=\"e-con-inner\">\n\t\t\t\t<div class=\"elementor-element elementor-element-b0e69fe elementor-widget elementor-widget-text-editor\" data-id=\"b0e69fe\" data-element_type=\"widget\" data-widget_type=\"text-editor.default\">\n\t\t\t\t<div class=\"elementor-widget-container\">\n\t\t\t\t\t\t\t\t\t<p>Atentamente,<\/p>\t\t\t\t\t\t\t\t<\/div>\n\t\t\t\t<\/div>\n\t\t\t\t<div class=\"elementor-element elementor-element-41084b2 elementor-widget elementor-widget-text-editor\" data-id=\"41084b2\" data-element_type=\"widget\" data-widget_type=\"text-editor.default\">\n\t\t\t\t<div class=\"elementor-widget-container\">\n\t\t\t\t\t\t\t\t\t<p><span style=\"vertical-align: inherit;\"><span style=\"vertical-align: inherit;\">Prof. Patricia Laureano Lizana&nbsp;<\/span><\/span><\/p>\n<p><strong><span style=\"vertical-align: inherit;\"><span style=\"vertical-align: inherit;\">DIRECTORA<\/span><\/span><\/strong><\/p>\t\t\t\t\t\t\t\t<\/div>\n\t\t\t\t<\/div>\n\t\t\t\t\t<\/div>\n\t\t\t\t<\/div>\n\t\t\t\t<\/div>\n\t\t","protected":false},"excerpt":{"rendered":"<p>PRESENTACI\u00d3N Iniciamos un nuevo periodo lectivo, donde ha imperado siempre la obtenci\u00f3n de buenos logros acad\u00e9micos y de resultados tangibles como el ingreso de nuestros alumnos a las mejores universidades de la regi\u00f3n y de nuestro pa\u00eds, sin dejar de lado los valores y principios morales. Estos logros no se alcanzan por medio de la [&hellip;]<\/p>\n","protected":false},"author":1,"featured_media":0,"parent":0,"menu_order":0,"comment_status":"closed","ping_status":"closed","template":"elementor_header_footer","meta":{"footnotes":""},"class_list":["post-202","page","type-page","status-publish","hentry"],"_links":{"self":[{"href":"https:\/\/colegiosiralexanderfleming.edu.pe\/index.php\/wp-json\/wp\/v2\/pages\/202","targetHints":{"allow":["GET"]}}],"collection":[{"href":"https:\/\/colegiosiralexanderfleming.edu.pe\/index.php\/wp-json\/wp\/v2\/pages"}],"about":[{"href":"https:\/\/colegiosiralexanderfleming.edu.pe\/index.php\/wp-json\/wp\/v2\/types\/page"}],"author":[{"embeddable":true,"href":"https:\/\/colegiosiralexanderfleming.edu.pe\/index.php\/wp-json\/wp\/v2\/users\/1"}],"replies":[{"embeddable":true,"href":"https:\/\/colegiosiralexanderfleming.edu.pe\/index.php\/wp-json\/wp\/v2\/comments?post=202"}],"version-history":[{"count":7,"href":"https:\/\/colegiosiralexanderfleming.edu.pe\/index.php\/wp-json\/wp\/v2\/pages\/202\/revisions"}],"predecessor-version":[{"id":1916,"href":"https:\/\/colegiosiralexanderfleming.edu.pe\/index.php\/wp-json\/wp\/v2\/pages\/202\/revisions\/1916"}],"wp:attachment":[{"href":"https:\/\/colegiosiralexanderfleming.edu.pe\/index.php\/wp-json\/wp\/v2\/media?parent=202"}],"curies":[{"name":"wp","href":"https:\/\/api.w.org\/{rel}","templated":true}]}}