{"id":203,"date":"2023-11-25T05:39:08","date_gmt":"2023-11-25T04:39:08","guid":{"rendered":"https:\/\/colegiosiralexanderfleming.edu.pe\/?page_id=203"},"modified":"2024-03-07T18:16:18","modified_gmt":"2024-03-07T17:16:18","slug":"mision-y-vision","status":"publish","type":"page","link":"https:\/\/colegiosiralexanderfleming.edu.pe\/index.php\/mision-y-vision\/","title":{"rendered":"Misi\u00f3n y visi\u00f3n"},"content":{"rendered":"\t\t<div data-elementor-type=\"wp-page\" data-elementor-id=\"203\" class=\"elementor elementor-203\" data-elementor-post-type=\"page\">\n\t\t\t\t<div class=\"elementor-element elementor-element-c500f0f e-flex e-con-boxed e-con e-parent\" data-id=\"c500f0f\" data-element_type=\"container\">\n\t\t\t\t\t<div class=\"e-con-inner\">\n\t\t\t\t<div class=\"elementor-element elementor-element-ad9eb92 elementor-widget elementor-widget-heading\" data-id=\"ad9eb92\" data-element_type=\"widget\" data-widget_type=\"heading.default\">\n\t\t\t\t<div class=\"elementor-widget-container\">\n\t\t\t\t\t<h2 class=\"elementor-heading-title elementor-size-default\">MISI\u00d3N Y VISI\u00d3N<\/h2>\t\t\t\t<\/div>\n\t\t\t\t<\/div>\n\t\t\t\t<div class=\"elementor-element elementor-element-6f2c5c0 elementor-widget-divider--view-line elementor-widget elementor-widget-divider\" data-id=\"6f2c5c0\" data-element_type=\"widget\" data-widget_type=\"divider.default\">\n\t\t\t\t<div class=\"elementor-widget-container\">\n\t\t\t\t\t\t\t<div class=\"elementor-divider\">\n\t\t\t<span class=\"elementor-divider-separator\">\n\t\t\t\t\t\t<\/span>\n\t\t<\/div>\n\t\t\t\t\t\t<\/div>\n\t\t\t\t<\/div>\n\t\t\t\t<div class=\"elementor-element elementor-element-a417cd7 elementor-widget elementor-widget-heading\" data-id=\"a417cd7\" data-element_type=\"widget\" data-widget_type=\"heading.default\">\n\t\t\t\t<div class=\"elementor-widget-container\">\n\t\t\t\t\t<h2 class=\"elementor-heading-title elementor-size-default\">MISI\u00d3N<\/h2>\t\t\t\t<\/div>\n\t\t\t\t<\/div>\n\t\t\t\t<div class=\"elementor-element elementor-element-a76c7ec elementor-widget elementor-widget-text-editor\" data-id=\"a76c7ec\" data-element_type=\"widget\" data-widget_type=\"text-editor.default\">\n\t\t\t\t<div class=\"elementor-widget-container\">\n\t\t\t\t\t\t\t\t\tNuestra Instituci\u00f3n garantiza una educaci\u00f3n de calidad a \nestudiantes del nivel de Primaria y Secundaria, brindando una \nformaci\u00f3n en valores, atendiendo las necesidades del mundo moderno \na trav\u00e9s de estrategias y herramientas con los \u00faltimos avances de la \nciencia y tecnolog\u00eda, empleando metodolog\u00eda moderna, fomentando la \ngeneraci\u00f3n y aplicaci\u00f3n de proyectos de innovaci\u00f3n, ofrecemos un \nservicio educativo que propicia la b\u00fasqueda de la competencia \nacad\u00e9mica y desarrollo socioemocional con valores para la formaci\u00f3n \nintegral de la persona, fortaleciendo sus capacidades, habilidades y \ndestrezas\t\t\t\t\t\t\t\t<\/div>\n\t\t\t\t<\/div>\n\t\t\t\t<div class=\"elementor-element elementor-element-d22159e elementor-widget elementor-widget-heading\" data-id=\"d22159e\" data-element_type=\"widget\" data-widget_type=\"heading.default\">\n\t\t\t\t<div class=\"elementor-widget-container\">\n\t\t\t\t\t<h2 class=\"elementor-heading-title elementor-size-default\">VISI\u00d3N<\/h2>\t\t\t\t<\/div>\n\t\t\t\t<\/div>\n\t\t\t\t<div class=\"elementor-element elementor-element-3a59c20 elementor-widget elementor-widget-text-editor\" data-id=\"3a59c20\" data-element_type=\"widget\" data-widget_type=\"text-editor.default\">\n\t\t\t\t<div class=\"elementor-widget-container\">\n\t\t\t\t\t\t\t\t\tSer una comunidad educativa l\u00edder en el campo educativo, donde la \nense\u00f1anza basada en valores, sea de calidad, a trav\u00e9s de metodolog\u00edas \nque se encuentran a la vanguardia de este siglo XXI, donde el \nestudiante es el protagonista de su propio aprendizaje y la tecnolog\u00eda, \nel instrumento signi\uf001cativo para desarrollar en ellos el aprender a \naprender, investigar y acrecentar conocimientos y valores teniendo \ncomo resultado no solo estudiantes con alto nivel cognoscitivo si no \ntambi\u00e9n, cognitivo con sentido cr\u00edtico y conciencia democr\u00e1tica. \nComprometidos con el desarrollo social, ambiental y econ\u00f3mico de su \nentorno\t\t\t\t\t\t\t\t<\/div>\n\t\t\t\t<\/div>\n\t\t\t\t\t<\/div>\n\t\t\t\t<\/div>\n\t\t<div class=\"elementor-element elementor-element-70498e1 e-flex e-con-boxed e-con e-parent\" data-id=\"70498e1\" data-element_type=\"container\">\n\t\t\t\t\t<div class=\"e-con-inner\">\n\t\t\t\t<div class=\"elementor-element elementor-element-3a7b72c elementor-widget elementor-widget-text-editor\" data-id=\"3a7b72c\" data-element_type=\"widget\" data-widget_type=\"text-editor.default\">\n\t\t\t\t<div class=\"elementor-widget-container\">\n\t\t\t\t\t\t\t\t\t<h2 style=\"text-align: center;\"><span style=\"color: #0070ff;\"><strong>Normas de CONVIVENCIA<\/strong><\/span><\/h2>\n<ol>\n<li>Ser amable con compa\u00f1eros, maestros, personal 1. administrativo y de limpieza.<\/li>\n<li>Practicar las normas del buen hablante y del buen<br>oyente.<\/li>\n<li>Mantener una buena higiene.<\/li>\n<li>Vestir correctamente seg\u00fan el uniforme escolar.<\/li>\n<li>Asistir regularmente y con puntualidad.<\/li>\n<li>Llevar a clase todos los materiales necesarios.<\/li>\n<li>Ayudar a mantener el sal\u00f3n limpio.<\/li>\n<li>Mantener el \u00e1rea de trabajo ordenada.<\/li>\n<li>Dejar los juegos electr\u00f3nicos en casa. (celular)<\/li>\n<li>No agredir verbal o f\u00edsicamente a ning\u00fan<br>compa\u00f1ero (cero bullying).<\/li>\n<\/ol>\t\t\t\t\t\t\t\t<\/div>\n\t\t\t\t<\/div>\n\t\t\t\t\t<\/div>\n\t\t\t\t<\/div>\n\t\t\t\t<\/div>\n\t\t","protected":false},"excerpt":{"rendered":"<p>MISI\u00d3N Y VISI\u00d3N MISI\u00d3N Nuestra Instituci\u00f3n garantiza una educaci\u00f3n de calidad a estudiantes del nivel de Primaria y Secundaria, brindando una formaci\u00f3n en valores, atendiendo las necesidades del mundo moderno a trav\u00e9s de estrategias y herramientas con los \u00faltimos avances de la ciencia y tecnolog\u00eda, empleando metodolog\u00eda moderna, fomentando la generaci\u00f3n y aplicaci\u00f3n de proyectos [&hellip;]<\/p>\n","protected":false},"author":1,"featured_media":0,"parent":0,"menu_order":0,"comment_status":"closed","ping_status":"closed","template":"elementor_header_footer","meta":{"footnotes":""},"class_list":["post-203","page","type-page","status-publish","hentry"],"_links":{"self":[{"href":"https:\/\/colegiosiralexanderfleming.edu.pe\/index.php\/wp-json\/wp\/v2\/pages\/203","targetHints":{"allow":["GET"]}}],"collection":[{"href":"https:\/\/colegiosiralexanderfleming.edu.pe\/index.php\/wp-json\/wp\/v2\/pages"}],"about":[{"href":"https:\/\/colegiosiralexanderfleming.edu.pe\/index.php\/wp-json\/wp\/v2\/types\/page"}],"author":[{"embeddable":true,"href":"https:\/\/colegiosiralexanderfleming.edu.pe\/index.php\/wp-json\/wp\/v2\/users\/1"}],"replies":[{"embeddable":true,"href":"https:\/\/colegiosiralexanderfleming.edu.pe\/index.php\/wp-json\/wp\/v2\/comments?post=203"}],"version-history":[{"count":13,"href":"https:\/\/colegiosiralexanderfleming.edu.pe\/index.php\/wp-json\/wp\/v2\/pages\/203\/revisions"}],"predecessor-version":[{"id":776,"href":"https:\/\/colegiosiralexanderfleming.edu.pe\/index.php\/wp-json\/wp\/v2\/pages\/203\/revisions\/776"}],"wp:attachment":[{"href":"https:\/\/colegiosiralexanderfleming.edu.pe\/index.php\/wp-json\/wp\/v2\/media?parent=203"}],"curies":[{"name":"wp","href":"https:\/\/api.w.org\/{rel}","templated":true}]}}