{"id":52,"date":"2023-11-24T09:50:05","date_gmt":"2023-11-24T08:50:05","guid":{"rendered":"https:\/\/colegiosiralexanderfleming.edu.pe\/?page_id=52"},"modified":"2023-11-25T06:36:04","modified_gmt":"2023-11-25T05:36:04","slug":"informacion-primaria","status":"publish","type":"page","link":"https:\/\/colegiosiralexanderfleming.edu.pe\/index.php\/informacion-primaria\/","title":{"rendered":"Informaci\u00f3n primaria"},"content":{"rendered":"\t\t<div data-elementor-type=\"wp-page\" data-elementor-id=\"52\" class=\"elementor elementor-52\" data-elementor-post-type=\"page\">\n\t\t\t\t<div class=\"elementor-element elementor-element-659b484 e-flex e-con-boxed e-con e-parent\" data-id=\"659b484\" data-element_type=\"container\">\n\t\t\t\t\t<div class=\"e-con-inner\">\n\t\t\t\t<div class=\"elementor-element elementor-element-d7ab733 elementor-widget elementor-widget-heading\" data-id=\"d7ab733\" data-element_type=\"widget\" data-widget_type=\"heading.default\">\n\t\t\t\t<div class=\"elementor-widget-container\">\n\t\t\t\t\t<h2 class=\"elementor-heading-title elementor-size-default\">PRIMARIA<\/h2>\t\t\t\t<\/div>\n\t\t\t\t<\/div>\n\t\t\t\t<div class=\"elementor-element elementor-element-8c7dba2 elementor-widget-divider--view-line elementor-widget elementor-widget-divider\" data-id=\"8c7dba2\" data-element_type=\"widget\" data-widget_type=\"divider.default\">\n\t\t\t\t<div class=\"elementor-widget-container\">\n\t\t\t\t\t\t\t<div class=\"elementor-divider\">\n\t\t\t<span class=\"elementor-divider-separator\">\n\t\t\t\t\t\t<\/span>\n\t\t<\/div>\n\t\t\t\t\t\t<\/div>\n\t\t\t\t<\/div>\n\t\t\t\t<div class=\"elementor-element elementor-element-25776ba elementor-widget elementor-widget-text-editor\" data-id=\"25776ba\" data-element_type=\"widget\" data-widget_type=\"text-editor.default\">\n\t\t\t\t<div class=\"elementor-widget-container\">\n\t\t\t\t\t\t\t\t\t<p>Nuestros alumnos de nivel Primaria reciben una formaci\u00f3n integral que hace de ellos ni\u00f1os l\u00edderes, luchadores y emprendedores, con una visi\u00f3n cr\u00edtica, objetiva e independiente ante los obst\u00e1culos que se pueden presentar.<\/p><p>Cultivamos no solo su mente, sino tambi\u00e9n su sensibilidad y su apreciaci\u00f3n art\u00edstica.<\/p><p>METODOLOG\u00cdA DE ENSE\u00d1ANZA<\/p><ul><li>Ense\u00f1anza personalizada basada en la ciencia y tecnolog\u00eda; fomentamos una educaci\u00f3n integral de calidad.<\/li><li>Plan lector; por medio de un programa de lecturas seleccionadas incentivamos el h\u00e1bito de la lectura y compresi\u00f3n lectora.<\/li><li>Fomentamos el desarrollo del pensamiento cr\u00edtico y la creatividad, as\u00ed como la capacidad de resolver problemas y la toma de decisiones.<\/li><li>Enfatizamos el idioma ingles para su desarrollo profesional.<\/li><li>Realizamos salidas de estudio y aprendizaje vivencial.<\/li><li>Tutor\u00eda y acompa\u00f1amiento permanente.<\/li><li>Formaci\u00f3n integral en valores para la vida.<\/li><li>Promovemos la alimentaci\u00f3n saludable con las \u201cLonchera Saludable\u201d<\/li><\/ul>\t\t\t\t\t\t\t\t<\/div>\n\t\t\t\t<\/div>\n\t\t\t\t<div class=\"elementor-element elementor-element-2053472 elementor-widget elementor-widget-image\" data-id=\"2053472\" data-element_type=\"widget\" data-widget_type=\"image.default\">\n\t\t\t\t<div class=\"elementor-widget-container\">\n\t\t\t\t\t\t\t\t\t\t\t\t\t\t\t<img fetchpriority=\"high\" decoding=\"async\" width=\"800\" height=\"509\" src=\"https:\/\/colegiosiralexanderfleming.edu.pe\/wp-content\/uploads\/2023\/11\/PRIMARIA-1024x652.jpg\" class=\"attachment-large size-large wp-image-61\" alt=\"\" srcset=\"https:\/\/colegiosiralexanderfleming.edu.pe\/wp-content\/uploads\/2023\/11\/PRIMARIA-1024x652.jpg 1024w, https:\/\/colegiosiralexanderfleming.edu.pe\/wp-content\/uploads\/2023\/11\/PRIMARIA-300x191.jpg 300w, https:\/\/colegiosiralexanderfleming.edu.pe\/wp-content\/uploads\/2023\/11\/PRIMARIA-768x489.jpg 768w, https:\/\/colegiosiralexanderfleming.edu.pe\/wp-content\/uploads\/2023\/11\/PRIMARIA.jpg 1100w\" sizes=\"(max-width: 800px) 100vw, 800px\" \/>\t\t\t\t\t\t\t\t\t\t\t\t\t\t\t<\/div>\n\t\t\t\t<\/div>\n\t\t\t\t\t<\/div>\n\t\t\t\t<\/div>\n\t\t\t\t<\/div>\n\t\t","protected":false},"excerpt":{"rendered":"<p>PRIMARIA Nuestros alumnos de nivel Primaria reciben una formaci\u00f3n integral que hace de ellos ni\u00f1os l\u00edderes, luchadores y emprendedores, con una visi\u00f3n cr\u00edtica, objetiva e independiente ante los obst\u00e1culos que se pueden presentar. Cultivamos no solo su mente, sino tambi\u00e9n su sensibilidad y su apreciaci\u00f3n art\u00edstica. METODOLOG\u00cdA DE ENSE\u00d1ANZA Ense\u00f1anza personalizada basada en la ciencia [&hellip;]<\/p>\n","protected":false},"author":1,"featured_media":0,"parent":0,"menu_order":0,"comment_status":"closed","ping_status":"closed","template":"elementor_header_footer","meta":{"footnotes":""},"class_list":["post-52","page","type-page","status-publish","hentry"],"_links":{"self":[{"href":"https:\/\/colegiosiralexanderfleming.edu.pe\/index.php\/wp-json\/wp\/v2\/pages\/52","targetHints":{"allow":["GET"]}}],"collection":[{"href":"https:\/\/colegiosiralexanderfleming.edu.pe\/index.php\/wp-json\/wp\/v2\/pages"}],"about":[{"href":"https:\/\/colegiosiralexanderfleming.edu.pe\/index.php\/wp-json\/wp\/v2\/types\/page"}],"author":[{"embeddable":true,"href":"https:\/\/colegiosiralexanderfleming.edu.pe\/index.php\/wp-json\/wp\/v2\/users\/1"}],"replies":[{"embeddable":true,"href":"https:\/\/colegiosiralexanderfleming.edu.pe\/index.php\/wp-json\/wp\/v2\/comments?post=52"}],"version-history":[{"count":14,"href":"https:\/\/colegiosiralexanderfleming.edu.pe\/index.php\/wp-json\/wp\/v2\/pages\/52\/revisions"}],"predecessor-version":[{"id":282,"href":"https:\/\/colegiosiralexanderfleming.edu.pe\/index.php\/wp-json\/wp\/v2\/pages\/52\/revisions\/282"}],"wp:attachment":[{"href":"https:\/\/colegiosiralexanderfleming.edu.pe\/index.php\/wp-json\/wp\/v2\/media?parent=52"}],"curies":[{"name":"wp","href":"https:\/\/api.w.org\/{rel}","templated":true}]}}