{"id":65,"date":"2023-11-24T09:59:52","date_gmt":"2023-11-24T08:59:52","guid":{"rendered":"https:\/\/colegiosiralexanderfleming.edu.pe\/?page_id=65"},"modified":"2023-11-25T06:44:43","modified_gmt":"2023-11-25T05:44:43","slug":"plan-de-estudios-primaria","status":"publish","type":"page","link":"https:\/\/colegiosiralexanderfleming.edu.pe\/index.php\/plan-de-estudios-primaria\/","title":{"rendered":"Plan de estudios primaria"},"content":{"rendered":"\t\t<div data-elementor-type=\"wp-page\" data-elementor-id=\"65\" class=\"elementor elementor-65\" data-elementor-post-type=\"page\">\n\t\t\t\t<div class=\"elementor-element elementor-element-cf174e2 e-flex e-con-boxed e-con e-parent\" data-id=\"cf174e2\" data-element_type=\"container\">\n\t\t\t\t\t<div class=\"e-con-inner\">\n\t\t\t\t<div class=\"elementor-element elementor-element-7f1b636 elementor-widget elementor-widget-heading\" data-id=\"7f1b636\" data-element_type=\"widget\" data-widget_type=\"heading.default\">\n\t\t\t\t<div class=\"elementor-widget-container\">\n\t\t\t\t\t<h2 class=\"elementor-heading-title elementor-size-default\">PLAN DE ESTUDIOS<\/h2>\t\t\t\t<\/div>\n\t\t\t\t<\/div>\n\t\t\t\t<div class=\"elementor-element elementor-element-350aac3 elementor-widget-divider--view-line elementor-widget elementor-widget-divider\" data-id=\"350aac3\" data-element_type=\"widget\" data-widget_type=\"divider.default\">\n\t\t\t\t<div class=\"elementor-widget-container\">\n\t\t\t\t\t\t\t<div class=\"elementor-divider\">\n\t\t\t<span class=\"elementor-divider-separator\">\n\t\t\t\t\t\t<\/span>\n\t\t<\/div>\n\t\t\t\t\t\t<\/div>\n\t\t\t\t<\/div>\n\t\t\t\t<div class=\"elementor-element elementor-element-479ddde elementor-widget elementor-widget-text-editor\" data-id=\"479ddde\" data-element_type=\"widget\" data-widget_type=\"text-editor.default\">\n\t\t\t\t<div class=\"elementor-widget-container\">\n\t\t\t\t\t\t\t\t\t<p>Al ingresar al nivel primario los ni\u00f1os consolidan las competencias b\u00e1sicas que han aprendido en inicial y comienzan a formar nuevas estructuras y conceptos en las diferentes \u00e1reas acad\u00e9micas. En este primer nivel el trabajo se da de manera integral y est\u00e1 centrado en el alumno a quien se busca brindar distintas experiencias que lo enriquezcan en las diferentes dimensiones pedag\u00f3gicas (emocionales, sociales, cognitivas, art\u00edsticas, f\u00edsicas y tecnol\u00f3gicas).<\/p><p>As\u00ed, nuestra intenci\u00f3n es despertar el inter\u00e9s del ni\u00f1o por su entorno y el aprendizaje a trav\u00e9s de situaciones reales que lo motiven y que a su vez le generen desaf\u00edos y retos interesantes para investigar e incorporar informaci\u00f3n nueva que complemente sus saberes previos y, que, a su vez, sea significativa.<\/p><p>En primaria, damos un acompa\u00f1amiento cercano a los alumnos y buscamos apoyarlos de manera individual de acuerdo a sus caracter\u00edsticas y necesidades. Como somos un colegio con un n\u00famero reducido de alumnos, brindamos una educaci\u00f3n personalizada y nos adecuamos al ritmo de cada estudiante, sin perder de vista las metas y objetivos de cada nivel.<\/p><p>En los primeros grados en el \u00e1rea personal social, el \u00e9nfasis est\u00e1 puesto en el trabajo de adaptaci\u00f3n, h\u00e1bitos, valores y organizaci\u00f3n. Mientras que en lo que a conocimientos y habilidades se refiere, la lectura y la escritura, as\u00ed como las competencias matem\u00e1ticas, tienen un peso especial.<\/p><p>En el primer grado los ni\u00f1os y ni\u00f1as descubren las letras, sus sonidos y graf\u00edas, consolidando de manera formal el aprendizaje de la lecto-escritura. En esta etapa, queremos que se sientan c\u00f3modos para expresar y representar situaciones y sentimientos a trav\u00e9s del lenguaje y que aprendan a leer. En el \u00e1rea l\u00f3gico matem\u00e1tica se trabajan los conceptos b\u00e1sicos y el lenguaje matem\u00e1tico de manera l\u00fadica y divertida de modo que los peque\u00f1os interioricen las operaciones, los s\u00edmbolos y los n\u00fameros, para que puedan razonar, comunicarse matem\u00e1ticamente y resolver problemas.<\/p><p>En los grados superiores de primaria se consolida y sistematiza lo aprendido; la propuesta se hace m\u00e1s amplia y exigente y busca responder a los desaf\u00edos de la sociedad actual en la que la informaci\u00f3n se produce y se renueva a cada instante. En esta etapa, los alumnos desarrollan habilidades a trav\u00e9s de las actividades que realizan en las diferentes \u00e1reas pedag\u00f3gicas: hebreo y Estudios Judaicos, Comunicaci\u00f3n, Ciencias Sociales, Matem\u00e1tica, Ciencia Tecnolog\u00eda y Ambiente, Arte, ingl\u00e9s, Educaci\u00f3n F\u00edsica, e Inform\u00e1tica. As\u00ed, todas las \u00e1reas trabajan distintas competencias y contenidos que apuntan a la excelencia acad\u00e9mica y al desarrollo integral del alumno.<\/p><p>En primaria, el colegio pone un fuerte acento en la formaci\u00f3n de la identidad cultural y religiosa. Para lograrlo, se ense\u00f1an los principios b\u00e1sicos de la religi\u00f3n desde una perspectiva vivencial, religiosa e hist\u00f3rica con la finalidad de lograr que el alumno conozca su pasado y se identifique con los valores, festividades, tradiciones y experiencias de manera reflexiva y critica, para comprometerse en el presente con su comunidad y su pueblo. Para poder cumplir nuestra propuesta la Instituci\u00f3n Educativa Sir Alexander Fleming cuenta con un proyecto curricular exigente, una infraestructura amplia y moderna, y un equipo docente comprometido y en constante capacitaci\u00f3n.<\/p>\t\t\t\t\t\t\t\t<\/div>\n\t\t\t\t<\/div>\n\t\t\t\t<div class=\"elementor-element elementor-element-3f934f8 elementor-widget elementor-widget-heading\" data-id=\"3f934f8\" data-element_type=\"widget\" data-widget_type=\"heading.default\">\n\t\t\t\t<div class=\"elementor-widget-container\">\n\t\t\t\t\t<h2 class=\"elementor-heading-title elementor-size-default\">HORARIO DE CLASES<\/h2>\t\t\t\t<\/div>\n\t\t\t\t<\/div>\n\t\t\t\t<div class=\"elementor-element elementor-element-4f2c92e elementor-widget elementor-widget-image\" data-id=\"4f2c92e\" data-element_type=\"widget\" data-widget_type=\"image.default\">\n\t\t\t\t<div class=\"elementor-widget-container\">\n\t\t\t\t\t\t\t\t\t\t\t\t\t\t\t<img fetchpriority=\"high\" decoding=\"async\" width=\"689\" height=\"472\" src=\"https:\/\/colegiosiralexanderfleming.edu.pe\/wp-content\/uploads\/2023\/11\/HORARIO.jpg\" class=\"attachment-large size-large wp-image-117\" alt=\"\" srcset=\"https:\/\/colegiosiralexanderfleming.edu.pe\/wp-content\/uploads\/2023\/11\/HORARIO.jpg 689w, https:\/\/colegiosiralexanderfleming.edu.pe\/wp-content\/uploads\/2023\/11\/HORARIO-300x206.jpg 300w\" sizes=\"(max-width: 689px) 100vw, 689px\" \/>\t\t\t\t\t\t\t\t\t\t\t\t\t\t\t<\/div>\n\t\t\t\t<\/div>\n\t\t\t\t\t<\/div>\n\t\t\t\t<\/div>\n\t\t\t\t<\/div>\n\t\t","protected":false},"excerpt":{"rendered":"<p>PLAN DE ESTUDIOS Al ingresar al nivel primario los ni\u00f1os consolidan las competencias b\u00e1sicas que han aprendido en inicial y comienzan a formar nuevas estructuras y conceptos en las diferentes \u00e1reas acad\u00e9micas. En este primer nivel el trabajo se da de manera integral y est\u00e1 centrado en el alumno a quien se busca brindar distintas [&hellip;]<\/p>\n","protected":false},"author":1,"featured_media":0,"parent":0,"menu_order":0,"comment_status":"closed","ping_status":"closed","template":"elementor_header_footer","meta":{"footnotes":""},"class_list":["post-65","page","type-page","status-publish","hentry"],"_links":{"self":[{"href":"https:\/\/colegiosiralexanderfleming.edu.pe\/index.php\/wp-json\/wp\/v2\/pages\/65","targetHints":{"allow":["GET"]}}],"collection":[{"href":"https:\/\/colegiosiralexanderfleming.edu.pe\/index.php\/wp-json\/wp\/v2\/pages"}],"about":[{"href":"https:\/\/colegiosiralexanderfleming.edu.pe\/index.php\/wp-json\/wp\/v2\/types\/page"}],"author":[{"embeddable":true,"href":"https:\/\/colegiosiralexanderfleming.edu.pe\/index.php\/wp-json\/wp\/v2\/users\/1"}],"replies":[{"embeddable":true,"href":"https:\/\/colegiosiralexanderfleming.edu.pe\/index.php\/wp-json\/wp\/v2\/comments?post=65"}],"version-history":[{"count":11,"href":"https:\/\/colegiosiralexanderfleming.edu.pe\/index.php\/wp-json\/wp\/v2\/pages\/65\/revisions"}],"predecessor-version":[{"id":582,"href":"https:\/\/colegiosiralexanderfleming.edu.pe\/index.php\/wp-json\/wp\/v2\/pages\/65\/revisions\/582"}],"wp:attachment":[{"href":"https:\/\/colegiosiralexanderfleming.edu.pe\/index.php\/wp-json\/wp\/v2\/media?parent=65"}],"curies":[{"name":"wp","href":"https:\/\/api.w.org\/{rel}","templated":true}]}}