{"id":750,"date":"2024-03-07T14:52:32","date_gmt":"2024-03-07T13:52:32","guid":{"rendered":"https:\/\/colegiosiralexanderfleming.edu.pe\/?page_id=750"},"modified":"2025-08-02T20:00:15","modified_gmt":"2025-08-02T18:00:15","slug":"numero-de-vacantes","status":"publish","type":"page","link":"https:\/\/colegiosiralexanderfleming.edu.pe\/index.php\/numero-de-vacantes\/","title":{"rendered":"N\u00famero de Vacantes"},"content":{"rendered":"\t\t<div data-elementor-type=\"wp-page\" data-elementor-id=\"750\" class=\"elementor elementor-750\" data-elementor-post-type=\"page\">\n\t\t\t\t<div class=\"elementor-element elementor-element-c2d5635 e-flex e-con-boxed e-con e-parent\" data-id=\"c2d5635\" data-element_type=\"container\">\n\t\t\t\t\t<div class=\"e-con-inner\">\n\t\t\t\t<div class=\"elementor-element elementor-element-d8ffdaa elementor-widget elementor-widget-text-editor\" data-id=\"d8ffdaa\" data-element_type=\"widget\" data-widget_type=\"text-editor.default\">\n\t\t\t\t<div class=\"elementor-widget-container\">\n\t\t\t\t\t\t\t\t\t<p data-start=\"208\" data-end=\"268\"><strong data-start=\"211\" data-end=\"268\">Proceso de Admisi\u00f3n 2026 \u2013 I.E. Sir Alexander Fleming<\/strong><\/p><p data-start=\"270\" data-end=\"454\">El proceso de admisi\u00f3n se lleva a cabo con base en el compromiso de las familias con la misi\u00f3n institucional y en la capacidad de nuestra instituci\u00f3n para responder a sus expectativas.<\/p><p data-start=\"456\" data-end=\"721\"><strong data-start=\"460\" data-end=\"487\">Invitaci\u00f3n a participar<\/strong><br data-start=\"487\" data-end=\"490\" \/>Invitamos a las familias interesadas en formar parte de nuestra comunidad educativa a participar del proceso de admisi\u00f3n 2026, respetando el cronograma y el reglamento correspondiente para los niveles <strong data-start=\"691\" data-end=\"703\">Primaria<\/strong> y <strong data-start=\"706\" data-end=\"720\">Secundaria<\/strong>.<\/p><p data-start=\"723\" data-end=\"900\"><strong data-start=\"728\" data-end=\"775\">Edad del postulante \u2013 1er grado de primaria<\/strong><br data-start=\"775\" data-end=\"778\" \/>Los estudiantes deben tener <strong data-start=\"806\" data-end=\"850\">6 a\u00f1os cumplidos al 31 de marzo del 2026<\/strong>, conforme a lo establecido por normativa vigente.<\/p><p data-start=\"902\" data-end=\"1038\"><strong data-start=\"905\" data-end=\"946\">Criterios de priorizaci\u00f3n de vacantes<\/strong><br data-start=\"946\" data-end=\"949\" \/>Cuando la demanda supera la oferta de vacantes, se considerar\u00e1n los siguientes criterios:<\/p><p data-start=\"1040\" data-end=\"1392\">\u2022 Hermanos de estudiantes matriculados, con familias comprometidas con el Reglamento Interno y la vida escolar.<br data-start=\"1151\" data-end=\"1154\" \/>\u2022 Hijos de trabajadores de la instituci\u00f3n, previa evaluaci\u00f3n.<br data-start=\"1215\" data-end=\"1218\" \/>\u2022 Ni\u00f1os con necesidades educativas especiales (NEE) asociadas a discapacidad leve o moderada.<br data-start=\"1311\" data-end=\"1314\" \/>\u2022 Participaci\u00f3n activa de los padres durante la entrevista con la instituci\u00f3n.<\/p><p data-start=\"1394\" data-end=\"1773\"><strong data-start=\"1397\" data-end=\"1419\">Vacantes ofrecidas<\/strong><br data-start=\"1419\" data-end=\"1422\" \/>El n\u00famero de vacantes para el a\u00f1o 2026 es <strong data-start=\"1464\" data-end=\"1479\">referencial<\/strong> y podr\u00e1 modificarse en funci\u00f3n de los estudiantes matriculados.<br data-start=\"1543\" data-end=\"1546\" \/>En cumplimiento de la normativa, se reserva una vacante para postulantes con NEE asociadas a discapacidad leve o moderada, debidamente declaradas por los padres al inicio del proceso para su respectiva evaluaci\u00f3n especializada.<\/p><p style=\"text-align: justify;\">\u00a0<\/p>\t\t\t\t\t\t\t\t<\/div>\n\t\t\t\t<\/div>\n\t\t\t\t\t<\/div>\n\t\t\t\t<\/div>\n\t\t\t\t<\/div>\n\t\t","protected":false},"excerpt":{"rendered":"<p>Proceso de Admisi\u00f3n 2026 \u2013 I.E. Sir Alexander Fleming El proceso de admisi\u00f3n se lleva a cabo con base en el compromiso de las familias con la misi\u00f3n institucional y en la capacidad de nuestra instituci\u00f3n para responder a sus expectativas. Invitaci\u00f3n a participarInvitamos a las familias interesadas en formar parte de nuestra comunidad educativa [&hellip;]<\/p>\n","protected":false},"author":1,"featured_media":0,"parent":0,"menu_order":0,"comment_status":"closed","ping_status":"closed","template":"","meta":{"footnotes":""},"class_list":["post-750","page","type-page","status-publish","hentry"],"_links":{"self":[{"href":"https:\/\/colegiosiralexanderfleming.edu.pe\/index.php\/wp-json\/wp\/v2\/pages\/750","targetHints":{"allow":["GET"]}}],"collection":[{"href":"https:\/\/colegiosiralexanderfleming.edu.pe\/index.php\/wp-json\/wp\/v2\/pages"}],"about":[{"href":"https:\/\/colegiosiralexanderfleming.edu.pe\/index.php\/wp-json\/wp\/v2\/types\/page"}],"author":[{"embeddable":true,"href":"https:\/\/colegiosiralexanderfleming.edu.pe\/index.php\/wp-json\/wp\/v2\/users\/1"}],"replies":[{"embeddable":true,"href":"https:\/\/colegiosiralexanderfleming.edu.pe\/index.php\/wp-json\/wp\/v2\/comments?post=750"}],"version-history":[{"count":34,"href":"https:\/\/colegiosiralexanderfleming.edu.pe\/index.php\/wp-json\/wp\/v2\/pages\/750\/revisions"}],"predecessor-version":[{"id":1975,"href":"https:\/\/colegiosiralexanderfleming.edu.pe\/index.php\/wp-json\/wp\/v2\/pages\/750\/revisions\/1975"}],"wp:attachment":[{"href":"https:\/\/colegiosiralexanderfleming.edu.pe\/index.php\/wp-json\/wp\/v2\/media?parent=750"}],"curies":[{"name":"wp","href":"https:\/\/api.w.org\/{rel}","templated":true}]}}