{"id":760,"date":"2024-03-07T14:55:48","date_gmt":"2024-03-07T13:55:48","guid":{"rendered":"https:\/\/colegiosiralexanderfleming.edu.pe\/?page_id=760"},"modified":"2025-08-02T19:57:55","modified_gmt":"2025-08-02T17:57:55","slug":"pensiones","status":"publish","type":"page","link":"https:\/\/colegiosiralexanderfleming.edu.pe\/index.php\/pensiones\/","title":{"rendered":"Pensiones"},"content":{"rendered":"\t\t<div data-elementor-type=\"wp-page\" data-elementor-id=\"760\" class=\"elementor elementor-760\" data-elementor-post-type=\"page\">\n\t\t\t\t<div class=\"elementor-element elementor-element-f08f970 e-flex e-con-boxed e-con e-parent\" data-id=\"f08f970\" data-element_type=\"container\">\n\t\t\t\t\t<div class=\"e-con-inner\">\n\t\t\t\t<div class=\"elementor-element elementor-element-2646c95 elementor-widget elementor-widget-text-editor\" data-id=\"2646c95\" data-element_type=\"widget\" data-widget_type=\"text-editor.default\">\n\t\t\t\t<div class=\"elementor-widget-container\">\n\t\t\t\t\t\t\t\t\t<p data-start=\"246\" data-end=\"543\">En la <strong data-start=\"252\" data-end=\"284\">I.E.P. Sir Alexander Fleming<\/strong>, nos encontramos comprometidos con brindar una formaci\u00f3n acad\u00e9mica de excelencia, centrada en el desarrollo integral de nuestros estudiantes y su proyecci\u00f3n universitaria. En ese sentido, compartimos los costos definidos para el proceso de <strong data-start=\"525\" data-end=\"542\">Admisi\u00f3n 2026<\/strong>:<\/p><p data-start=\"545\" data-end=\"658\"><strong data-start=\"548\" data-end=\"560\">PRIMARIA<\/strong><br data-start=\"560\" data-end=\"563\" \/>\u2022 Perfil psicol\u00f3gico: <strong data-start=\"585\" data-end=\"598\">S\/ 100.00<\/strong><br data-start=\"598\" data-end=\"601\" \/>\u2022 Matr\u00edcula: <strong data-start=\"614\" data-end=\"627\">S\/ 480.00<\/strong><br data-start=\"627\" data-end=\"630\" \/>\u2022 Mensualidad: <strong data-start=\"645\" data-end=\"658\">S\/ 480.00<\/strong><\/p><p data-start=\"660\" data-end=\"775\"><strong data-start=\"663\" data-end=\"677\">SECUNDARIA<\/strong><br data-start=\"677\" data-end=\"680\" \/>\u2022 Perfil psicol\u00f3gico: <strong data-start=\"702\" data-end=\"715\">S\/ 100.00<\/strong><br data-start=\"715\" data-end=\"718\" \/>\u2022 Matr\u00edcula: <strong data-start=\"731\" data-end=\"744\">S\/ 570.00<\/strong><br data-start=\"744\" data-end=\"747\" \/>\u2022 Mensualidad: <strong data-start=\"762\" data-end=\"775\">S\/ 570.00<\/strong><\/p><p data-start=\"777\" data-end=\"956\">Para mayor informaci\u00f3n, no dude en comunicarse con nuestra oficina de admisi\u00f3n.<br data-start=\"859\" data-end=\"862\" \/><strong data-start=\"865\" data-end=\"878\">Tel\u00e9fono:<\/strong> [colocar n\u00famero]<br data-start=\"895\" data-end=\"898\" \/><strong data-start=\"901\" data-end=\"915\">Direcci\u00f3n:<\/strong> Calle San Pedro 102 &#8211; Cercado, Arequipa.<\/p>\t\t\t\t\t\t\t\t<\/div>\n\t\t\t\t<\/div>\n\t\t\t\t\t<\/div>\n\t\t\t\t<\/div>\n\t\t\t\t<\/div>\n\t\t","protected":false},"excerpt":{"rendered":"<p>En la I.E.P. Sir Alexander Fleming, nos encontramos comprometidos con brindar una formaci\u00f3n acad\u00e9mica de excelencia, centrada en el desarrollo integral de nuestros estudiantes y su proyecci\u00f3n universitaria. En ese sentido, compartimos los costos definidos para el proceso de Admisi\u00f3n 2026: PRIMARIA\u2022 Perfil psicol\u00f3gico: S\/ 100.00\u2022 Matr\u00edcula: S\/ 480.00\u2022 Mensualidad: S\/ 480.00 SECUNDARIA\u2022 Perfil psicol\u00f3gico: [&hellip;]<\/p>\n","protected":false},"author":1,"featured_media":0,"parent":0,"menu_order":0,"comment_status":"closed","ping_status":"closed","template":"","meta":{"footnotes":""},"class_list":["post-760","page","type-page","status-publish","hentry"],"_links":{"self":[{"href":"https:\/\/colegiosiralexanderfleming.edu.pe\/index.php\/wp-json\/wp\/v2\/pages\/760","targetHints":{"allow":["GET"]}}],"collection":[{"href":"https:\/\/colegiosiralexanderfleming.edu.pe\/index.php\/wp-json\/wp\/v2\/pages"}],"about":[{"href":"https:\/\/colegiosiralexanderfleming.edu.pe\/index.php\/wp-json\/wp\/v2\/types\/page"}],"author":[{"embeddable":true,"href":"https:\/\/colegiosiralexanderfleming.edu.pe\/index.php\/wp-json\/wp\/v2\/users\/1"}],"replies":[{"embeddable":true,"href":"https:\/\/colegiosiralexanderfleming.edu.pe\/index.php\/wp-json\/wp\/v2\/comments?post=760"}],"version-history":[{"count":19,"href":"https:\/\/colegiosiralexanderfleming.edu.pe\/index.php\/wp-json\/wp\/v2\/pages\/760\/revisions"}],"predecessor-version":[{"id":1972,"href":"https:\/\/colegiosiralexanderfleming.edu.pe\/index.php\/wp-json\/wp\/v2\/pages\/760\/revisions\/1972"}],"wp:attachment":[{"href":"https:\/\/colegiosiralexanderfleming.edu.pe\/index.php\/wp-json\/wp\/v2\/media?parent=760"}],"curies":[{"name":"wp","href":"https:\/\/api.w.org\/{rel}","templated":true}]}}